{"id":27962,"date":"2024-12-20T18:32:47","date_gmt":"2024-12-20T18:32:47","guid":{"rendered":"https:\/\/thuisbatterijoutlet.eu\/?post_type=product&#038;p=27962"},"modified":"2025-03-08T07:38:43","modified_gmt":"2025-03-08T07:38:43","slug":"huawei-three-phase-hybrid-ess-10kw-15kwh-storage","status":"publish","type":"product","link":"https:\/\/thuisbatterijoutlet.eu\/fr\/produit\/huawei-three-phase-hybrid-ess-10kw-15kwh-storage\/","title":{"rendered":"Huawei hybride triphas\u00e9 ESS 10kW, 15kWh stockage"},"content":{"rendered":"<p>Syst\u00e8me de stockage triphas\u00e9 Huawei 15kW avec onduleur hybride 10kW, batterie lithium 15kW et capteur compteur 250A 50mA Syst\u00e8me de stockage triphas\u00e9 compos\u00e9 d'un onduleur hybride connect\u00e9 au r\u00e9seau Huawei SUN2000-10KTL-M1 de 10000\/15000W, d'une batterie lithium haute tension Huawei LUNA2000-15-SO 360V 15kWh et d'un capteur de puissance intelligent Huawei DTSU666-H 250A 50mA. Ce kit permet d'optimiser la production et la consommation d'\u00e9lectricit\u00e9, en exploitant au mieux l'\u00e9nergie produite par un syst\u00e8me photovolta\u00efque. L'onduleur peut fournir l'\u00e9nergie g\u00e9n\u00e9r\u00e9e par les panneaux photovolta\u00efques directement au syst\u00e8me \u00e9lectrique de votre maison ou de votre entreprise pour r\u00e9pondre \u00e0 ses besoins \u00e9nerg\u00e9tiques. La nuit, lorsqu'il n'y a pas de production d'\u00e9nergie photovolta\u00efque, la maison, l'industrie ou le commerce est aliment\u00e9 par la batterie au lithium haute tension. Gr\u00e2ce \u00e0 ce kit, vous pouvez maximiser l'efficacit\u00e9 de votre syst\u00e8me photovolta\u00efque et r\u00e9duire votre d\u00e9pendance \u00e0 l'\u00e9gard des fournisseurs d'\u00e9lectricit\u00e9 traditionnels. Le kit est compos\u00e9 de : - n\u00b01 Onduleur hybride triphas\u00e9 Huawei SUN2000-10KTL-M1 10000<\/p>","protected":false},"excerpt":{"rendered":"<p>3 phases | Ensemble complet | Pas de sauvegarde | PAS pour la Belgique<\/p>","protected":false},"featured_media":28018,"comment_status":"open","ping_status":"closed","template":"","meta":[],"pwb-brand":[153],"product_brand":[],"product_cat":[389],"product_tag":[],"class_list":{"0":"post-27962","1":"product","2":"type-product","3":"status-publish","4":"has-post-thumbnail","6":"pwb-brand-huawei","7":"product_cat-thuisbatterij-systemen","9":"first","10":"instock","11":"shipping-taxable","12":"purchasable","13":"product-type-simple"},"brands":[{"id":153,"name":"Huawei","slug":"huawei"}],"_links":{"self":[{"href":"https:\/\/thuisbatterijoutlet.eu\/fr\/wp-json\/wp\/v2\/product\/27962","targetHints":{"allow":["GET"]}}],"collection":[{"href":"https:\/\/thuisbatterijoutlet.eu\/fr\/wp-json\/wp\/v2\/product"}],"about":[{"href":"https:\/\/thuisbatterijoutlet.eu\/fr\/wp-json\/wp\/v2\/types\/product"}],"replies":[{"embeddable":true,"href":"https:\/\/thuisbatterijoutlet.eu\/fr\/wp-json\/wp\/v2\/comments?post=27962"}],"version-history":[{"count":3,"href":"https:\/\/thuisbatterijoutlet.eu\/fr\/wp-json\/wp\/v2\/product\/27962\/revisions"}],"predecessor-version":[{"id":29110,"href":"https:\/\/thuisbatterijoutlet.eu\/fr\/wp-json\/wp\/v2\/product\/27962\/revisions\/29110"}],"wp:featuredmedia":[{"embeddable":true,"href":"https:\/\/thuisbatterijoutlet.eu\/fr\/wp-json\/wp\/v2\/media\/28018"}],"wp:attachment":[{"href":"https:\/\/thuisbatterijoutlet.eu\/fr\/wp-json\/wp\/v2\/media?parent=27962"}],"wp:term":[{"taxonomy":"pwb-brand","embeddable":true,"href":"https:\/\/thuisbatterijoutlet.eu\/fr\/wp-json\/wp\/v2\/pwb-brand?post=27962"},{"taxonomy":"product_brand","embeddable":true,"href":"https:\/\/thuisbatterijoutlet.eu\/fr\/wp-json\/wp\/v2\/product_brand?post=27962"},{"taxonomy":"product_cat","embeddable":true,"href":"https:\/\/thuisbatterijoutlet.eu\/fr\/wp-json\/wp\/v2\/product_cat?post=27962"},{"taxonomy":"product_tag","embeddable":true,"href":"https:\/\/thuisbatterijoutlet.eu\/fr\/wp-json\/wp\/v2\/product_tag?post=27962"}],"curies":[{"name":"wp","href":"https:\/\/api.w.org\/{rel}","templated":true}]}}