{"id":27973,"date":"2024-12-20T18:32:48","date_gmt":"2024-12-20T18:32:48","guid":{"rendered":"https:\/\/thuisbatterijoutlet.eu\/?post_type=product&#038;p=27973"},"modified":"2025-03-08T07:38:32","modified_gmt":"2025-03-08T07:38:32","slug":"growatt-ark-2-5h-a1-hoogspanningsbatterij","status":"publish","type":"product","link":"https:\/\/thuisbatterijoutlet.eu\/fr\/produit\/batterie-haute-tension-growatt-ark-2-5h-a1\/","title":{"rendered":"Growatt ARK-2.5H-A1 (batterie haute tension)"},"content":{"rendered":"<p>La batterie haute tension Growatt ARK 2.5H-A1 fait partie int\u00e9grante des syst\u00e8mes de batteries Growatt ARK XH et HV. Ces syst\u00e8mes modulaires de conception unique offrent un stockage complet de l'\u00e9nergie pour les panneaux solaires. L'installation rapide plug-and-play de l'unit\u00e9 simplifie le processus d'installation.<\/p>\n<p>Avantages de la batterie domestique Growatt ARK 2.5H-A1<\/p>\n<p>La batterie domestique Growatt ARK 2.5H-A1 utilise la technologie avanc\u00e9e du lithium-ion (LiFePO4), ce qui la diff\u00e9rencie des batteries conventionnelles au plomb et autres types de batteries. Cette technologie moderne offre une dur\u00e9e de vie prolong\u00e9e, une maintenance r\u00e9duite, une s\u00e9curit\u00e9 incendie et un poids relativement l\u00e9ger. En outre, la batterie pr\u00e9sente une efficacit\u00e9 de d\u00e9charge et de recharge am\u00e9lior\u00e9e.<\/p>\n<p>La batterie domestique ARK 2.5H-A1 a un niveau de protection IP65 pour permettre une installation \u00e0 l'ext\u00e9rieur, et offre des options d'installation flexibles \u00e0 la fois sur les murs et les sols. Une base s\u00e9par\u00e9e doit \u00eatre achet\u00e9e pour l'installation au sol.<\/p>\n<p>Sp\u00e9cifications de la batterie domestique ARK 2.5H-A1<\/p>\n<p>Les caract\u00e9ristiques notables de la batterie domestique Growatt ARK 2.5H-A1 sont les suivantes :<\/p>\n<p>La technologie de la batterie LiFePO4 sans cobalt garantit la s\u00e9curit\u00e9.<br \/> Capacit\u00e9 \u00e9nerg\u00e9tique nominale : 2,56 kWh, avec une profondeur de d\u00e9charge (DoD) de 90% (capacit\u00e9 utilisable de 2,3 kWh).<br \/> Courant nominal : 25A.<\/p>\n<p>Tension nominale : 51,2 V.<\/p>\n<p>Dur\u00e9e de vie prolong\u00e9e de 6 000 cycles.<\/p>\n<p>Port de communication : CAN\/RS485.<\/p>\n<p>Protection IP65 contre la poussi\u00e8re et l'eau.<\/p>\n<p>Dimensions compactes (L\/D\/H) : 650\/260\/184 mm.<\/p>\n<p>Seulement 28 kg.<\/p>\n<p>Le micrologiciel peut \u00eatre mis \u00e0 jour \u00e0 distance pour une am\u00e9lioration continue.<\/p>\n<p>Garantie de 10 ans.<\/p>","protected":false},"excerpt":{"rendered":"<p>Batterie de 2,56 kWh, haute tension<\/p>","protected":false},"featured_media":28063,"comment_status":"open","ping_status":"closed","template":"","meta":[],"pwb-brand":[152],"product_brand":[],"product_cat":[77],"product_tag":[],"class_list":{"0":"post-27973","1":"product","2":"type-product","3":"status-publish","4":"has-post-thumbnail","6":"pwb-brand-growatt","7":"product_cat-thuisbatterijen","9":"first","10":"instock","11":"shipping-taxable","12":"purchasable","13":"product-type-simple"},"brands":[{"id":152,"name":"Growatt","slug":"growatt"}],"_links":{"self":[{"href":"https:\/\/thuisbatterijoutlet.eu\/fr\/wp-json\/wp\/v2\/product\/27973","targetHints":{"allow":["GET"]}}],"collection":[{"href":"https:\/\/thuisbatterijoutlet.eu\/fr\/wp-json\/wp\/v2\/product"}],"about":[{"href":"https:\/\/thuisbatterijoutlet.eu\/fr\/wp-json\/wp\/v2\/types\/product"}],"replies":[{"embeddable":true,"href":"https:\/\/thuisbatterijoutlet.eu\/fr\/wp-json\/wp\/v2\/comments?post=27973"}],"version-history":[{"count":1,"href":"https:\/\/thuisbatterijoutlet.eu\/fr\/wp-json\/wp\/v2\/product\/27973\/revisions"}],"predecessor-version":[{"id":28064,"href":"https:\/\/thuisbatterijoutlet.eu\/fr\/wp-json\/wp\/v2\/product\/27973\/revisions\/28064"}],"wp:featuredmedia":[{"embeddable":true,"href":"https:\/\/thuisbatterijoutlet.eu\/fr\/wp-json\/wp\/v2\/media\/28063"}],"wp:attachment":[{"href":"https:\/\/thuisbatterijoutlet.eu\/fr\/wp-json\/wp\/v2\/media?parent=27973"}],"wp:term":[{"taxonomy":"pwb-brand","embeddable":true,"href":"https:\/\/thuisbatterijoutlet.eu\/fr\/wp-json\/wp\/v2\/pwb-brand?post=27973"},{"taxonomy":"product_brand","embeddable":true,"href":"https:\/\/thuisbatterijoutlet.eu\/fr\/wp-json\/wp\/v2\/product_brand?post=27973"},{"taxonomy":"product_cat","embeddable":true,"href":"https:\/\/thuisbatterijoutlet.eu\/fr\/wp-json\/wp\/v2\/product_cat?post=27973"},{"taxonomy":"product_tag","embeddable":true,"href":"https:\/\/thuisbatterijoutlet.eu\/fr\/wp-json\/wp\/v2\/product_tag?post=27973"}],"curies":[{"name":"wp","href":"https:\/\/api.w.org\/{rel}","templated":true}]}}