{"id":28046,"date":"2024-12-20T18:33:30","date_gmt":"2024-12-20T18:33:30","guid":{"rendered":"https:\/\/thuisbatterijoutlet.eu\/?post_type=product&#038;p=28046"},"modified":"2025-03-08T07:38:28","modified_gmt":"2025-03-08T07:38:28","slug":"fronius-ohmpilot-9-0-3","status":"publish","type":"product","link":"https:\/\/thuisbatterijoutlet.eu\/fr\/produit\/fronius-ohmpilot-9-0-3\/","title":{"rendered":"Fronius Ohmpilot 9.0-3"},"content":{"rendered":"<p>The Fronius Ohmpilot is a consumption regulator designed to use excess solar power to heat water. Thanks to the continuously adjustable regulation from 0 to 9 kW, surplus PV current can be put to highly efficient use and fed to the consumers in the household.<\/p>","protected":false},"excerpt":{"rendered":"<p>Le Fronius Ohmpilot est un r\u00e9gulateur de consommation con\u00e7u pour utiliser l'\u00e9nergie solaire exc\u00e9dentaire pour chauffer l'eau. Gr\u00e2ce \u00e0 l'utilisation continue de l'\u00e9nergie solaire, il est possible de chauffer l'eau.<\/p>","protected":false},"featured_media":28136,"comment_status":"open","ping_status":"closed","template":"","meta":[],"pwb-brand":[],"product_brand":[],"product_cat":[77],"product_tag":[],"class_list":{"0":"post-28046","1":"product","2":"type-product","3":"status-publish","4":"has-post-thumbnail","6":"product_cat-thuisbatterijen","8":"first","9":"instock","10":"shipping-taxable","11":"purchasable","12":"product-type-simple"},"brands":[],"_links":{"self":[{"href":"https:\/\/thuisbatterijoutlet.eu\/fr\/wp-json\/wp\/v2\/product\/28046","targetHints":{"allow":["GET"]}}],"collection":[{"href":"https:\/\/thuisbatterijoutlet.eu\/fr\/wp-json\/wp\/v2\/product"}],"about":[{"href":"https:\/\/thuisbatterijoutlet.eu\/fr\/wp-json\/wp\/v2\/types\/product"}],"replies":[{"embeddable":true,"href":"https:\/\/thuisbatterijoutlet.eu\/fr\/wp-json\/wp\/v2\/comments?post=28046"}],"version-history":[{"count":1,"href":"https:\/\/thuisbatterijoutlet.eu\/fr\/wp-json\/wp\/v2\/product\/28046\/revisions"}],"predecessor-version":[{"id":28137,"href":"https:\/\/thuisbatterijoutlet.eu\/fr\/wp-json\/wp\/v2\/product\/28046\/revisions\/28137"}],"wp:featuredmedia":[{"embeddable":true,"href":"https:\/\/thuisbatterijoutlet.eu\/fr\/wp-json\/wp\/v2\/media\/28136"}],"wp:attachment":[{"href":"https:\/\/thuisbatterijoutlet.eu\/fr\/wp-json\/wp\/v2\/media?parent=28046"}],"wp:term":[{"taxonomy":"pwb-brand","embeddable":true,"href":"https:\/\/thuisbatterijoutlet.eu\/fr\/wp-json\/wp\/v2\/pwb-brand?post=28046"},{"taxonomy":"product_brand","embeddable":true,"href":"https:\/\/thuisbatterijoutlet.eu\/fr\/wp-json\/wp\/v2\/product_brand?post=28046"},{"taxonomy":"product_cat","embeddable":true,"href":"https:\/\/thuisbatterijoutlet.eu\/fr\/wp-json\/wp\/v2\/product_cat?post=28046"},{"taxonomy":"product_tag","embeddable":true,"href":"https:\/\/thuisbatterijoutlet.eu\/fr\/wp-json\/wp\/v2\/product_tag?post=28046"}],"curies":[{"name":"wp","href":"https:\/\/api.w.org\/{rel}","templated":true}]}}