{"id":28089,"date":"2024-12-20T18:34:39","date_gmt":"2024-12-20T18:34:39","guid":{"rendered":"https:\/\/thuisbatterijoutlet.eu\/?post_type=product&#038;p=28089"},"modified":"2025-03-08T07:38:19","modified_gmt":"2025-03-08T07:38:19","slug":"tigo-ei-link-3ph-tss-3ps","status":"publish","type":"product","link":"https:\/\/thuisbatterijoutlet.eu\/fr\/produit\/tigo-ei-link-3ph-tss-3ps\/","title":{"rendered":"Tigo EI Link 3PH TSS-3PS"},"content":{"rendered":"<p>L'EI Link r\u00e9unit tous les composants de la solution r\u00e9sidentielle Tigo EI. Il relie physiquement l'onduleur EI \u00e0 la batterie EI avec un minimum de c\u00e2bles. Il communique sans fil avec les Tigo TS4 connect\u00e9s \u00e0 chaque module et communique avec le cloud, pour une mise en service facile, une surveillance \u00e0 distance, des mises \u00e0 jour sans fil et plus encore.<br \/> Caract\u00e9ristiques et avantages - Le c\u00e2blage centralis\u00e9 relie l'onduleur EI \u00e0 la batterie EI. - Le CCA int\u00e9gr\u00e9 permet la surveillance au niveau du syst\u00e8me et du module - Connexion aux Tigo TS4 via un point d'acc\u00e8s Tigo (TAP) - Inclus dans la bo\u00eete - Garantie de 60 mois<br \/> ESTG est un grossiste de panneaux solaires et d'autres articles \u00e9lectriques durables, tels que les onduleurs, les stations de charge, les batteries domestiques et le chauffage infrarouge. Avec une large gamme de marques A, ESTG fournit des installateurs dans toute l'Europe.<br \/> Afficher tout<\/p>","protected":false},"excerpt":{"rendered":"<p>EI Link pour l'onduleur triphas\u00e9 TIGO EI<\/p>","protected":false},"featured_media":28172,"comment_status":"open","ping_status":"closed","template":"","meta":[],"pwb-brand":[],"product_brand":[],"product_cat":[77],"product_tag":[],"class_list":{"0":"post-28089","1":"product","2":"type-product","3":"status-publish","4":"has-post-thumbnail","6":"product_cat-thuisbatterijen","8":"first","9":"instock","10":"shipping-taxable","11":"purchasable","12":"product-type-simple"},"brands":[],"_links":{"self":[{"href":"https:\/\/thuisbatterijoutlet.eu\/fr\/wp-json\/wp\/v2\/product\/28089","targetHints":{"allow":["GET"]}}],"collection":[{"href":"https:\/\/thuisbatterijoutlet.eu\/fr\/wp-json\/wp\/v2\/product"}],"about":[{"href":"https:\/\/thuisbatterijoutlet.eu\/fr\/wp-json\/wp\/v2\/types\/product"}],"replies":[{"embeddable":true,"href":"https:\/\/thuisbatterijoutlet.eu\/fr\/wp-json\/wp\/v2\/comments?post=28089"}],"version-history":[{"count":1,"href":"https:\/\/thuisbatterijoutlet.eu\/fr\/wp-json\/wp\/v2\/product\/28089\/revisions"}],"predecessor-version":[{"id":28173,"href":"https:\/\/thuisbatterijoutlet.eu\/fr\/wp-json\/wp\/v2\/product\/28089\/revisions\/28173"}],"wp:featuredmedia":[{"embeddable":true,"href":"https:\/\/thuisbatterijoutlet.eu\/fr\/wp-json\/wp\/v2\/media\/28172"}],"wp:attachment":[{"href":"https:\/\/thuisbatterijoutlet.eu\/fr\/wp-json\/wp\/v2\/media?parent=28089"}],"wp:term":[{"taxonomy":"pwb-brand","embeddable":true,"href":"https:\/\/thuisbatterijoutlet.eu\/fr\/wp-json\/wp\/v2\/pwb-brand?post=28089"},{"taxonomy":"product_brand","embeddable":true,"href":"https:\/\/thuisbatterijoutlet.eu\/fr\/wp-json\/wp\/v2\/product_brand?post=28089"},{"taxonomy":"product_cat","embeddable":true,"href":"https:\/\/thuisbatterijoutlet.eu\/fr\/wp-json\/wp\/v2\/product_cat?post=28089"},{"taxonomy":"product_tag","embeddable":true,"href":"https:\/\/thuisbatterijoutlet.eu\/fr\/wp-json\/wp\/v2\/product_tag?post=28089"}],"curies":[{"name":"wp","href":"https:\/\/api.w.org\/{rel}","templated":true}]}}