{"id":28162,"date":"2024-12-20T18:35:23","date_gmt":"2024-12-20T18:35:23","guid":{"rendered":"https:\/\/thuisbatterijoutlet.eu\/?post_type=product&#038;p=28162"},"modified":"2025-03-08T07:38:13","modified_gmt":"2025-03-08T07:38:13","slug":"enphase-iq-batterij-10t","status":"publish","type":"product","link":"https:\/\/thuisbatterijoutlet.eu\/fr\/produit\/enphase-iq-battery-10t-2\/","title":{"rendered":"Enphase IQ Battery 10T"},"content":{"rendered":"<p>Note : Ce produit ne convient qu'aux march\u00e9s DACH, fran\u00e7ais, belge et n\u00e9erlandais.<br \/> Le syst\u00e8me de stockage tout-en-un Enphase Encharge 10T\u2122 connect\u00e9 au courant alternatif est fiable, intelligent, simple et s\u00fbr. Compos\u00e9 de trois unit\u00e9s de base Encharge 3T\u2122, il dispose d'une capacit\u00e9 de stockage utilisable totale de 10,5 kWh et de douze micro-onduleurs int\u00e9gr\u00e9s d'une puissance de 3,84 kW. Les installateurs peuvent rapidement concevoir la taille de syst\u00e8me ad\u00e9quate pour r\u00e9pondre aux besoins des nouveaux clients et de ceux qui poss\u00e8dent d\u00e9j\u00e0 des panneaux solaires.<br \/> Seuls les installateurs certifi\u00e9s par Enphase peuvent activer IQ Battery. Pour \u00eatre certifi\u00e9s, les installateurs doivent suivre les trois \u00e9tapes suivantes :<\/p>\n<p>Formation en ligne de l'Universit\u00e9 Enphase<br \/> Partagez votre premi\u00e8re conception de syst\u00e8me avec le FAE Enphase (Kevin Duerloo pour la Belgique)<br \/> Planifier la premi\u00e8re installation avec le FAE Enphase (service en gants blancs)<\/p>","protected":false},"excerpt":{"rendered":"<p>Uniquement pour la r\u00e9gion DACH, la France, la Belgique et les Pays-Bas<\/p>","protected":false},"featured_media":28260,"comment_status":"open","ping_status":"closed","template":"","meta":[],"pwb-brand":[151],"product_brand":[],"product_cat":[77],"product_tag":[],"class_list":{"0":"post-28162","1":"product","2":"type-product","3":"status-publish","4":"has-post-thumbnail","6":"pwb-brand-enphase","7":"product_cat-thuisbatterijen","9":"first","10":"instock","11":"shipping-taxable","12":"purchasable","13":"product-type-simple"},"brands":[{"id":151,"name":"Enphase","slug":"enphase"}],"_links":{"self":[{"href":"https:\/\/thuisbatterijoutlet.eu\/fr\/wp-json\/wp\/v2\/product\/28162","targetHints":{"allow":["GET"]}}],"collection":[{"href":"https:\/\/thuisbatterijoutlet.eu\/fr\/wp-json\/wp\/v2\/product"}],"about":[{"href":"https:\/\/thuisbatterijoutlet.eu\/fr\/wp-json\/wp\/v2\/types\/product"}],"replies":[{"embeddable":true,"href":"https:\/\/thuisbatterijoutlet.eu\/fr\/wp-json\/wp\/v2\/comments?post=28162"}],"version-history":[{"count":1,"href":"https:\/\/thuisbatterijoutlet.eu\/fr\/wp-json\/wp\/v2\/product\/28162\/revisions"}],"predecessor-version":[{"id":28261,"href":"https:\/\/thuisbatterijoutlet.eu\/fr\/wp-json\/wp\/v2\/product\/28162\/revisions\/28261"}],"wp:featuredmedia":[{"embeddable":true,"href":"https:\/\/thuisbatterijoutlet.eu\/fr\/wp-json\/wp\/v2\/media\/28260"}],"wp:attachment":[{"href":"https:\/\/thuisbatterijoutlet.eu\/fr\/wp-json\/wp\/v2\/media?parent=28162"}],"wp:term":[{"taxonomy":"pwb-brand","embeddable":true,"href":"https:\/\/thuisbatterijoutlet.eu\/fr\/wp-json\/wp\/v2\/pwb-brand?post=28162"},{"taxonomy":"product_brand","embeddable":true,"href":"https:\/\/thuisbatterijoutlet.eu\/fr\/wp-json\/wp\/v2\/product_brand?post=28162"},{"taxonomy":"product_cat","embeddable":true,"href":"https:\/\/thuisbatterijoutlet.eu\/fr\/wp-json\/wp\/v2\/product_cat?post=28162"},{"taxonomy":"product_tag","embeddable":true,"href":"https:\/\/thuisbatterijoutlet.eu\/fr\/wp-json\/wp\/v2\/product_tag?post=28162"}],"curies":[{"name":"wp","href":"https:\/\/api.w.org\/{rel}","templated":true}]}}