{"id":28209,"date":"2024-12-20T18:36:09","date_gmt":"2024-12-20T18:36:09","guid":{"rendered":"https:\/\/thuisbatterijoutlet.eu\/?post_type=product&#038;p=28209"},"modified":"2025-03-08T07:38:03","modified_gmt":"2025-03-08T07:38:03","slug":"sungrow-sbr192-high-voltage-lfp-battery","status":"publish","type":"product","link":"https:\/\/thuisbatterijoutlet.eu\/fr\/produit\/sungrow-sbr192-high-voltage-lfp-battery\/","title":{"rendered":"Sungrow - SBR192 Batterie LFP haute tension"},"content":{"rendered":"<p>Sungrow - SBR192 Cette batterie a une capacit\u00e9 de 19,2kWh et une sortie DC nominale de 11,52kW.Sungrow - SRB096\/128\/160\/192\/224\/256 Batterie LFP haute tension Rendement \u00e9lev\u00e9 Jusqu'\u00e0 30A de charge et de d\u00e9charge continues avec un rendement \u00e9lev\u00e9 100% DoD (Depth of Discharge) Safe Lithium iron phosphate battery cells Multi-stage protection and certification Flexible Expandable Supporte 3 \u00e0 8 modules par unit\u00e9, max. 4 unit\u00e9s connect\u00e9es en parall\u00e8le, capacit\u00e9 de 9-100kWh Rendement \u00e9lev\u00e9 Jusqu'\u00e0 30A de charge et de d\u00e9charge continues avec un rendement \u00e9lev\u00e9 100% DoD (Depth of Discharge) Safe Lithium iron phosphate battery cells Multi-stage protection and certification 4 unit\u00e9s connect\u00e9es en parall\u00e8le, capacit\u00e9 de 9 \u00e0 100 kWh Haut rendement Jusqu'\u00e0 30 A de courant continu de charge et de d\u00e9charge avec un haut rendement 100% DoD<\/p>","protected":false},"excerpt":{"rendered":"<p>Sungrow - SBR192<\/p>","protected":false},"featured_media":28321,"comment_status":"open","ping_status":"closed","template":"","meta":[],"pwb-brand":[391],"product_brand":[],"product_cat":[77],"product_tag":[],"class_list":{"0":"post-28209","1":"product","2":"type-product","3":"status-publish","4":"has-post-thumbnail","6":"pwb-brand-sungrow","7":"product_cat-thuisbatterijen","9":"first","10":"instock","11":"shipping-taxable","12":"purchasable","13":"product-type-simple"},"brands":[{"id":391,"name":"Sungrow","slug":"sungrow"}],"_links":{"self":[{"href":"https:\/\/thuisbatterijoutlet.eu\/fr\/wp-json\/wp\/v2\/product\/28209","targetHints":{"allow":["GET"]}}],"collection":[{"href":"https:\/\/thuisbatterijoutlet.eu\/fr\/wp-json\/wp\/v2\/product"}],"about":[{"href":"https:\/\/thuisbatterijoutlet.eu\/fr\/wp-json\/wp\/v2\/types\/product"}],"replies":[{"embeddable":true,"href":"https:\/\/thuisbatterijoutlet.eu\/fr\/wp-json\/wp\/v2\/comments?post=28209"}],"version-history":[{"count":1,"href":"https:\/\/thuisbatterijoutlet.eu\/fr\/wp-json\/wp\/v2\/product\/28209\/revisions"}],"predecessor-version":[{"id":28322,"href":"https:\/\/thuisbatterijoutlet.eu\/fr\/wp-json\/wp\/v2\/product\/28209\/revisions\/28322"}],"wp:featuredmedia":[{"embeddable":true,"href":"https:\/\/thuisbatterijoutlet.eu\/fr\/wp-json\/wp\/v2\/media\/28321"}],"wp:attachment":[{"href":"https:\/\/thuisbatterijoutlet.eu\/fr\/wp-json\/wp\/v2\/media?parent=28209"}],"wp:term":[{"taxonomy":"pwb-brand","embeddable":true,"href":"https:\/\/thuisbatterijoutlet.eu\/fr\/wp-json\/wp\/v2\/pwb-brand?post=28209"},{"taxonomy":"product_brand","embeddable":true,"href":"https:\/\/thuisbatterijoutlet.eu\/fr\/wp-json\/wp\/v2\/product_brand?post=28209"},{"taxonomy":"product_cat","embeddable":true,"href":"https:\/\/thuisbatterijoutlet.eu\/fr\/wp-json\/wp\/v2\/product_cat?post=28209"},{"taxonomy":"product_tag","embeddable":true,"href":"https:\/\/thuisbatterijoutlet.eu\/fr\/wp-json\/wp\/v2\/product_tag?post=28209"}],"curies":[{"name":"wp","href":"https:\/\/api.w.org\/{rel}","templated":true}]}}