{"id":28214,"date":"2024-12-20T18:36:09","date_gmt":"2024-12-20T18:36:09","guid":{"rendered":"https:\/\/thuisbatterijoutlet.eu\/?post_type=product&#038;p=28214"},"modified":"2025-03-08T07:38:05","modified_gmt":"2025-03-08T07:38:05","slug":"sungrow-three-phase-hybrid-ess-8-0kw-9-6kwh-storage","status":"publish","type":"product","link":"https:\/\/thuisbatterijoutlet.eu\/fr\/produit\/sungrow-triphase-hybride-ess-8-0kw-9-6kwh-stockage\/","title":{"rendered":"Sungrow - ESS hybride triphas\u00e9 8.0kW, 9.6kWh de stockage"},"content":{"rendered":"<p>Sungrow - Onduleur hybride triphas\u00e9 de 8,0 kW avec batterie de 9,6 kWh Un syst\u00e8me de batterie hybride complet pour les applications r\u00e9sidentielles.  Ce kit complet contient les \u00e9l\u00e9ments suivants : Sungrow - SH8.0RT 223308 Sungrow - SBR 9.6kWh-HV battery 223353 Comprend un compteur d'\u00e9nergie et un dongle Ethernet\/Wi-FiSungrow - Residential Hybrid 1-phase energy storage system Application flexible Id\u00e9al pour les r\u00e9novations et les nouvelles installations Compact et l\u00e9ger, convient \u00e0 l'installation par une seule personne Capacit\u00e9 de batterie extensible tout au long de sa dur\u00e9e de vie, supporte 3 \u00e0 6 modules de batterie par ESS Jusqu'\u00e0 4 syst\u00e8mes de stockage en parall\u00e8le dans un syst\u00e8me, jusqu'\u00e0 40 kW de puissance et 76 kWh de capacit\u00e9 Ind\u00e9pendance \u00e9nerg\u00e9tique Transition transparente vers le mode de secours, pour la protection contre la perte du r\u00e9seau. Convient pour une charge d\u00e9s\u00e9quilibr\u00e9e entre les phases pendant la sauvegarde EMS int\u00e9gr\u00e9 avec des capacit\u00e9s de personnalisation avanc\u00e9es Gestion intelligente Surveillance iSolarCloud disponible sur l'application et le Web Donn\u00e9es en temps r\u00e9el (\u00e9chantillon de rafra\u00eechissement toutes les 10 secondes) Cellules de batterie au lithium fer phosphate s\u00fbres Protection et certification \u00e0 plusieurs niveaux Haut rendement Courant de charge et de d\u00e9charge continu jusqu'\u00e0 30 A avec un rendement \u00e9lev\u00e9 100% DoD.<\/p>","protected":false},"excerpt":{"rendered":"<p>Sungrow - Onduleur hybride triphas\u00e9 de 8,0 kW avec batterie de 9,6 kWh<\/p>","protected":false},"featured_media":28346,"comment_status":"open","ping_status":"closed","template":"","meta":[],"pwb-brand":[391],"product_brand":[],"product_cat":[77],"product_tag":[],"class_list":{"0":"post-28214","1":"product","2":"type-product","3":"status-publish","4":"has-post-thumbnail","6":"pwb-brand-sungrow","7":"product_cat-thuisbatterijen","9":"first","10":"instock","11":"shipping-taxable","12":"purchasable","13":"product-type-simple"},"brands":[{"id":391,"name":"Sungrow","slug":"sungrow"}],"_links":{"self":[{"href":"https:\/\/thuisbatterijoutlet.eu\/fr\/wp-json\/wp\/v2\/product\/28214","targetHints":{"allow":["GET"]}}],"collection":[{"href":"https:\/\/thuisbatterijoutlet.eu\/fr\/wp-json\/wp\/v2\/product"}],"about":[{"href":"https:\/\/thuisbatterijoutlet.eu\/fr\/wp-json\/wp\/v2\/types\/product"}],"replies":[{"embeddable":true,"href":"https:\/\/thuisbatterijoutlet.eu\/fr\/wp-json\/wp\/v2\/comments?post=28214"}],"version-history":[{"count":1,"href":"https:\/\/thuisbatterijoutlet.eu\/fr\/wp-json\/wp\/v2\/product\/28214\/revisions"}],"predecessor-version":[{"id":28347,"href":"https:\/\/thuisbatterijoutlet.eu\/fr\/wp-json\/wp\/v2\/product\/28214\/revisions\/28347"}],"wp:featuredmedia":[{"embeddable":true,"href":"https:\/\/thuisbatterijoutlet.eu\/fr\/wp-json\/wp\/v2\/media\/28346"}],"wp:attachment":[{"href":"https:\/\/thuisbatterijoutlet.eu\/fr\/wp-json\/wp\/v2\/media?parent=28214"}],"wp:term":[{"taxonomy":"pwb-brand","embeddable":true,"href":"https:\/\/thuisbatterijoutlet.eu\/fr\/wp-json\/wp\/v2\/pwb-brand?post=28214"},{"taxonomy":"product_brand","embeddable":true,"href":"https:\/\/thuisbatterijoutlet.eu\/fr\/wp-json\/wp\/v2\/product_brand?post=28214"},{"taxonomy":"product_cat","embeddable":true,"href":"https:\/\/thuisbatterijoutlet.eu\/fr\/wp-json\/wp\/v2\/product_cat?post=28214"},{"taxonomy":"product_tag","embeddable":true,"href":"https:\/\/thuisbatterijoutlet.eu\/fr\/wp-json\/wp\/v2\/product_tag?post=28214"}],"curies":[{"name":"wp","href":"https:\/\/api.w.org\/{rel}","templated":true}]}}