{"id":28333,"date":"2024-12-20T18:38:11","date_gmt":"2024-12-20T18:38:11","guid":{"rendered":"https:\/\/thuisbatterijoutlet.eu\/?post_type=product&#038;p=28333"},"modified":"2025-03-08T07:37:52","modified_gmt":"2025-03-08T07:37:52","slug":"pylon-us5000-4-8kwh-lithium-battery","status":"publish","type":"product","link":"https:\/\/thuisbatterijoutlet.eu\/fr\/produit\/pylon-us5000-4-8kwh-lithium-battery\/","title":{"rendered":"Batterie au lithium Pylon US5000 4.8kWh"},"content":{"rendered":"<p>Le phosphate de fer lithi\u00e9 (LFP) a plus de 10 ans d'exp\u00e9rience dans le domaine des batteries au lithium. Les mati\u00e8res premi\u00e8res ne sont utilis\u00e9es que pour les applications de stockage des batteries. L'int\u00e9gration des syst\u00e8mes de batteries avec la R&amp;D et la fabrication exclusives de BMSESS en termes de stabilit\u00e9 des performances et de long\u00e9vit\u00e9 des syst\u00e8mes de cellules et de batteries. M\u00e9thode d'installation DIY flexible avec un support\/rack\/armoire standard de 19 pouces. Expansion illimit\u00e9e de la capacit\u00e9 jusqu'\u00e0 16 unit\u00e9s par cha\u00eene de communication. Si l'on travaille avec LV-Hub, on peut avoir jusqu'\u00e0 480 unit\u00e9s dans un seul syst\u00e8me. Environnement d'installation robuste - 10 \u2103 \u00e0 50 \u2103 Plage de temp\u00e9rature de fonctionnement, jusqu'\u00e0 4000 m d'altitude.15 minutes et 121-200A @ 15secs;3,2 fois plus puissant que US2000 (25a). Quatre niveaux de protection du courant : MOS, double fusible passif et actif, circuit de pr\u00e9charge, disjoncteur DC pour am\u00e9liorer la s\u00e9curit\u00e9 du syst\u00e8me. L'attachement au courant de choc 50% augmente la puissance pendant les conditions de temp\u00e9rature critique.<\/p>\n<p>Vous aurez \u00e9galement besoin des \u00e9l\u00e9ments suivants :<\/p>","protected":false},"excerpt":{"rendered":"<p>Lithium fer phosphate (LFP) plus de 10 ans d'exp\u00e9rience dans le domaine des batteries au lithium Mati\u00e8res premi\u00e8res uniquement pour les applications de stockage de batteries Int\u00e9gration de syst\u00e8mes de batteries gr\u00e2ce \u00e0 la R&amp;D exclusive de BMSESS<\/p>","protected":false},"featured_media":28443,"comment_status":"open","ping_status":"closed","template":"","meta":[],"pwb-brand":[],"product_brand":[],"product_cat":[77],"product_tag":[],"class_list":{"0":"post-28333","1":"product","2":"type-product","3":"status-publish","4":"has-post-thumbnail","6":"product_cat-thuisbatterijen","8":"first","9":"instock","10":"shipping-taxable","11":"purchasable","12":"product-type-simple"},"brands":[],"_links":{"self":[{"href":"https:\/\/thuisbatterijoutlet.eu\/fr\/wp-json\/wp\/v2\/product\/28333","targetHints":{"allow":["GET"]}}],"collection":[{"href":"https:\/\/thuisbatterijoutlet.eu\/fr\/wp-json\/wp\/v2\/product"}],"about":[{"href":"https:\/\/thuisbatterijoutlet.eu\/fr\/wp-json\/wp\/v2\/types\/product"}],"replies":[{"embeddable":true,"href":"https:\/\/thuisbatterijoutlet.eu\/fr\/wp-json\/wp\/v2\/comments?post=28333"}],"version-history":[{"count":1,"href":"https:\/\/thuisbatterijoutlet.eu\/fr\/wp-json\/wp\/v2\/product\/28333\/revisions"}],"predecessor-version":[{"id":28444,"href":"https:\/\/thuisbatterijoutlet.eu\/fr\/wp-json\/wp\/v2\/product\/28333\/revisions\/28444"}],"wp:featuredmedia":[{"embeddable":true,"href":"https:\/\/thuisbatterijoutlet.eu\/fr\/wp-json\/wp\/v2\/media\/28443"}],"wp:attachment":[{"href":"https:\/\/thuisbatterijoutlet.eu\/fr\/wp-json\/wp\/v2\/media?parent=28333"}],"wp:term":[{"taxonomy":"pwb-brand","embeddable":true,"href":"https:\/\/thuisbatterijoutlet.eu\/fr\/wp-json\/wp\/v2\/pwb-brand?post=28333"},{"taxonomy":"product_brand","embeddable":true,"href":"https:\/\/thuisbatterijoutlet.eu\/fr\/wp-json\/wp\/v2\/product_brand?post=28333"},{"taxonomy":"product_cat","embeddable":true,"href":"https:\/\/thuisbatterijoutlet.eu\/fr\/wp-json\/wp\/v2\/product_cat?post=28333"},{"taxonomy":"product_tag","embeddable":true,"href":"https:\/\/thuisbatterijoutlet.eu\/fr\/wp-json\/wp\/v2\/product_tag?post=28333"}],"curies":[{"name":"wp","href":"https:\/\/api.w.org\/{rel}","templated":true}]}}