{"id":28355,"date":"2024-12-20T18:38:33","date_gmt":"2024-12-20T18:38:33","guid":{"rendered":"https:\/\/thuisbatterijoutlet.eu\/?post_type=product&#038;p=28355"},"modified":"2025-03-08T07:37:48","modified_gmt":"2025-03-08T07:37:48","slug":"pylon-us2000c-plus-2-4kwh-lithium-battery","status":"publish","type":"product","link":"https:\/\/thuisbatterijoutlet.eu\/fr\/produit\/pylon-us2000c-plus-2-4kwh-lithium-battery\/","title":{"rendered":"Pylon US2000C Plus 2.4kWh Lithium Battery"},"content":{"rendered":"<p>US2000-serie is een ideale oplossing voor residenti\u00eble opslagtoepassingen, met standaard 48V\/50AH-specificatie, tot 90% bruikbare capaciteit en 6000 cyclus-life garantie.\u2022 Verticale industrie -integratie zorgt voor meer dan 6000 cycli met 90% DOD \u2022 Compact en modieus ontwerp past in uw zoete thuisomgeving \u2022 Lever tot 5 kW met enkele module (2,4 kWh) \u2022 Modulair ontwerp geeft de eindklanten de kracht van keuze van capaciteit \u2022Compatibel met de meeste beschikbare hybride omvormers \u2022 Eenvoudige spitsende fixing minimaliseren de installatietijd en kosten \u2022 Veiligheid cert.t\u00fcv ce UN38.3<\/p>","protected":false},"excerpt":{"rendered":"<p>La s\u00e9rie US2000 est une solution id\u00e9ale pour les applications de stockage r\u00e9sidentielles, avec une sp\u00e9cification standard de 48V\/50AH, une capacit\u00e9 utilisable allant jusqu'\u00e0 90% et une garantie de 6000 cycles de vie.<\/p>","protected":false},"featured_media":28447,"comment_status":"open","ping_status":"closed","template":"","meta":[],"pwb-brand":[],"product_brand":[],"product_cat":[77],"product_tag":[],"class_list":{"0":"post-28355","1":"product","2":"type-product","3":"status-publish","4":"has-post-thumbnail","6":"product_cat-thuisbatterijen","8":"first","9":"instock","10":"shipping-taxable","11":"purchasable","12":"product-type-simple"},"brands":[],"_links":{"self":[{"href":"https:\/\/thuisbatterijoutlet.eu\/fr\/wp-json\/wp\/v2\/product\/28355","targetHints":{"allow":["GET"]}}],"collection":[{"href":"https:\/\/thuisbatterijoutlet.eu\/fr\/wp-json\/wp\/v2\/product"}],"about":[{"href":"https:\/\/thuisbatterijoutlet.eu\/fr\/wp-json\/wp\/v2\/types\/product"}],"replies":[{"embeddable":true,"href":"https:\/\/thuisbatterijoutlet.eu\/fr\/wp-json\/wp\/v2\/comments?post=28355"}],"version-history":[{"count":1,"href":"https:\/\/thuisbatterijoutlet.eu\/fr\/wp-json\/wp\/v2\/product\/28355\/revisions"}],"predecessor-version":[{"id":28448,"href":"https:\/\/thuisbatterijoutlet.eu\/fr\/wp-json\/wp\/v2\/product\/28355\/revisions\/28448"}],"wp:featuredmedia":[{"embeddable":true,"href":"https:\/\/thuisbatterijoutlet.eu\/fr\/wp-json\/wp\/v2\/media\/28447"}],"wp:attachment":[{"href":"https:\/\/thuisbatterijoutlet.eu\/fr\/wp-json\/wp\/v2\/media?parent=28355"}],"wp:term":[{"taxonomy":"pwb-brand","embeddable":true,"href":"https:\/\/thuisbatterijoutlet.eu\/fr\/wp-json\/wp\/v2\/pwb-brand?post=28355"},{"taxonomy":"product_brand","embeddable":true,"href":"https:\/\/thuisbatterijoutlet.eu\/fr\/wp-json\/wp\/v2\/product_brand?post=28355"},{"taxonomy":"product_cat","embeddable":true,"href":"https:\/\/thuisbatterijoutlet.eu\/fr\/wp-json\/wp\/v2\/product_cat?post=28355"},{"taxonomy":"product_tag","embeddable":true,"href":"https:\/\/thuisbatterijoutlet.eu\/fr\/wp-json\/wp\/v2\/product_tag?post=28355"}],"curies":[{"name":"wp","href":"https:\/\/api.w.org\/{rel}","templated":true}]}}