{"id":28357,"date":"2024-12-20T18:38:33","date_gmt":"2024-12-20T18:38:33","guid":{"rendered":"https:\/\/thuisbatterijoutlet.eu\/?post_type=product&#038;p=28357"},"modified":"2025-03-08T07:37:49","modified_gmt":"2025-03-08T07:37:49","slug":"pylon-force-h2-3-55kwh-lithium-battery","status":"publish","type":"product","link":"https:\/\/thuisbatterijoutlet.eu\/fr\/produit\/pylon-force-h2-3-55kwh-lithium-battery\/","title":{"rendered":"Batterie au lithium Pylon Force-H2 3,55kWh"},"content":{"rendered":"<p>Le nouveau syst\u00e8me Pylontech offre un connecteur simple pour faire gagner un temps pr\u00e9cieux aux installateurs. Le syst\u00e8me d'empilage offre des configurations flexibles de 96V \u00e0 384V de tension et de 7,1 kWh \u00e0 14,21 kWh de capacit\u00e9. La compatibilit\u00e9 int\u00e9rieur\/ext\u00e9rieur offre plus d'options d'installation. Id\u00e9al pour les grandes maisons et les petites applications commerciales.<\/p>\n<p>Vous avez \u00e9galement besoin d'un BMS : Code de l'article : FC0500M-40S-FH2<\/p>","protected":false},"excerpt":{"rendered":"<p>Le nouveau syst\u00e8me Pylontech offre un connecteur simple qui permet aux installateurs de gagner un temps pr\u00e9cieux.<\/p>","protected":false},"featured_media":28451,"comment_status":"open","ping_status":"closed","template":"","meta":[],"pwb-brand":[155],"product_brand":[],"product_cat":[77],"product_tag":[],"class_list":{"0":"post-28357","1":"product","2":"type-product","3":"status-publish","4":"has-post-thumbnail","6":"pwb-brand-pylontech","7":"product_cat-thuisbatterijen","9":"first","10":"instock","11":"shipping-taxable","12":"purchasable","13":"product-type-simple"},"brands":[{"id":155,"name":"Pylontech","slug":"pylontech"}],"_links":{"self":[{"href":"https:\/\/thuisbatterijoutlet.eu\/fr\/wp-json\/wp\/v2\/product\/28357","targetHints":{"allow":["GET"]}}],"collection":[{"href":"https:\/\/thuisbatterijoutlet.eu\/fr\/wp-json\/wp\/v2\/product"}],"about":[{"href":"https:\/\/thuisbatterijoutlet.eu\/fr\/wp-json\/wp\/v2\/types\/product"}],"replies":[{"embeddable":true,"href":"https:\/\/thuisbatterijoutlet.eu\/fr\/wp-json\/wp\/v2\/comments?post=28357"}],"version-history":[{"count":1,"href":"https:\/\/thuisbatterijoutlet.eu\/fr\/wp-json\/wp\/v2\/product\/28357\/revisions"}],"predecessor-version":[{"id":28452,"href":"https:\/\/thuisbatterijoutlet.eu\/fr\/wp-json\/wp\/v2\/product\/28357\/revisions\/28452"}],"wp:featuredmedia":[{"embeddable":true,"href":"https:\/\/thuisbatterijoutlet.eu\/fr\/wp-json\/wp\/v2\/media\/28451"}],"wp:attachment":[{"href":"https:\/\/thuisbatterijoutlet.eu\/fr\/wp-json\/wp\/v2\/media?parent=28357"}],"wp:term":[{"taxonomy":"pwb-brand","embeddable":true,"href":"https:\/\/thuisbatterijoutlet.eu\/fr\/wp-json\/wp\/v2\/pwb-brand?post=28357"},{"taxonomy":"product_brand","embeddable":true,"href":"https:\/\/thuisbatterijoutlet.eu\/fr\/wp-json\/wp\/v2\/product_brand?post=28357"},{"taxonomy":"product_cat","embeddable":true,"href":"https:\/\/thuisbatterijoutlet.eu\/fr\/wp-json\/wp\/v2\/product_cat?post=28357"},{"taxonomy":"product_tag","embeddable":true,"href":"https:\/\/thuisbatterijoutlet.eu\/fr\/wp-json\/wp\/v2\/product_tag?post=28357"}],"curies":[{"name":"wp","href":"https:\/\/api.w.org\/{rel}","templated":true}]}}