{"id":28424,"date":"2024-12-20T18:38:55","date_gmt":"2024-12-20T18:38:55","guid":{"rendered":"https:\/\/thuisbatterijoutlet.eu\/?post_type=product&#038;p=28424"},"modified":"2025-03-08T07:37:36","modified_gmt":"2025-03-08T07:37:36","slug":"byd-battery-box-premium-lvs-8-0-thuisbatterij","status":"publish","type":"product","link":"https:\/\/thuisbatterijoutlet.eu\/fr\/produit\/byd-battery-box-premium-lvs-8-0-home-battery\/","title":{"rendered":"BYD - Battery Box Premium LVS 8.0 Batterie domestique"},"content":{"rendered":"<p>La BYD Battery Box Premium LVS 8.0 est une batterie domestique compl\u00e8te.<br \/>     Gr\u00e2ce \u00e0 la conception modulaire de BYD, il est facile d'augmenter la capacit\u00e9 de la batterie. L'ajout de modules de batterie (662003) permet d'augmenter la capacit\u00e9.<br \/>     Il est ainsi possible de composer un syst\u00e8me de batterie adapt\u00e9 \u00e0 toute gamme de puissance ou \u00e0 tout foyer, ce qui est id\u00e9al pour les syst\u00e8mes photovolta\u00efques r\u00e9sidentiels.<br \/>  Ce kit est compatible avec les onduleurs suivants : SolarEdge triphas\u00e9 s\u00e9rie StorEdge SE(5-10)K-RWS48BEN4 Solis monophas\u00e9 s\u00e9rie RHI-(3-6)K-48ES-5G Solis monophas\u00e9 RAI-3K-48ES-5G Les avantages du BYD Battery Box Premium LVS :  Facile \u00e0 installer Gr\u00e2ce \u00e0 une connexion Internet disponible, BYD offre la possibilit\u00e9 d'une assistance hors site Adapt\u00e9 \u00e0 l'alimentation de secours \u00e0 haute puissance Conception modulaire, par module de batterie Capacit\u00e9 de 4 kWh S\u00e9curit\u00e9 maximale gr\u00e2ce \u00e0 une cellule lithium fer phosphate sans cobalt et r\u00e9pond \u00e0 la norme de s\u00e9curit\u00e9 la plus \u00e9lev\u00e9e (VDE 2510-50) Ce kit complet contient les composants suivants : BYD - LVS Power Distribution Unit + base 662004 2x BYD - LVS Battery Module 4kWh 662003 BYD - LVS Battery Management Unit 662005 BYD - LVS Cable set 50mm\u00b2 2,5m 430126<\/p>","protected":false},"excerpt":{"rendered":"<p>Ensemble complet de batteries | 8.0kWh<\/p>","protected":false},"featured_media":28502,"comment_status":"open","ping_status":"closed","template":"","meta":[],"pwb-brand":[150],"product_brand":[],"product_cat":[77],"product_tag":[],"class_list":{"0":"post-28424","1":"product","2":"type-product","3":"status-publish","4":"has-post-thumbnail","6":"pwb-brand-byd","7":"product_cat-thuisbatterijen","9":"first","10":"instock","11":"shipping-taxable","12":"purchasable","13":"product-type-simple"},"brands":[{"id":150,"name":"BYD","slug":"byd"}],"_links":{"self":[{"href":"https:\/\/thuisbatterijoutlet.eu\/fr\/wp-json\/wp\/v2\/product\/28424","targetHints":{"allow":["GET"]}}],"collection":[{"href":"https:\/\/thuisbatterijoutlet.eu\/fr\/wp-json\/wp\/v2\/product"}],"about":[{"href":"https:\/\/thuisbatterijoutlet.eu\/fr\/wp-json\/wp\/v2\/types\/product"}],"replies":[{"embeddable":true,"href":"https:\/\/thuisbatterijoutlet.eu\/fr\/wp-json\/wp\/v2\/comments?post=28424"}],"version-history":[{"count":1,"href":"https:\/\/thuisbatterijoutlet.eu\/fr\/wp-json\/wp\/v2\/product\/28424\/revisions"}],"predecessor-version":[{"id":28503,"href":"https:\/\/thuisbatterijoutlet.eu\/fr\/wp-json\/wp\/v2\/product\/28424\/revisions\/28503"}],"wp:featuredmedia":[{"embeddable":true,"href":"https:\/\/thuisbatterijoutlet.eu\/fr\/wp-json\/wp\/v2\/media\/28502"}],"wp:attachment":[{"href":"https:\/\/thuisbatterijoutlet.eu\/fr\/wp-json\/wp\/v2\/media?parent=28424"}],"wp:term":[{"taxonomy":"pwb-brand","embeddable":true,"href":"https:\/\/thuisbatterijoutlet.eu\/fr\/wp-json\/wp\/v2\/pwb-brand?post=28424"},{"taxonomy":"product_brand","embeddable":true,"href":"https:\/\/thuisbatterijoutlet.eu\/fr\/wp-json\/wp\/v2\/product_brand?post=28424"},{"taxonomy":"product_cat","embeddable":true,"href":"https:\/\/thuisbatterijoutlet.eu\/fr\/wp-json\/wp\/v2\/product_cat?post=28424"},{"taxonomy":"product_tag","embeddable":true,"href":"https:\/\/thuisbatterijoutlet.eu\/fr\/wp-json\/wp\/v2\/product_tag?post=28424"}],"curies":[{"name":"wp","href":"https:\/\/api.w.org\/{rel}","templated":true}]}}