{"id":28477,"date":"2024-12-20T18:39:30","date_gmt":"2024-12-20T18:39:30","guid":{"rendered":"https:\/\/thuisbatterijoutlet.eu\/?post_type=product&#038;p=28477"},"modified":"2025-03-08T07:37:32","modified_gmt":"2025-03-08T07:37:32","slug":"huawei-luna2000-5kw-co-power-module","status":"publish","type":"product","link":"https:\/\/thuisbatterijoutlet.eu\/fr\/produit\/module-dalimentation-electrique-huawei-luna2000-5kw-co\/","title":{"rendered":"Huawei - LUNA2000-5KW-CO - Module d'alimentation"},"content":{"rendered":"<p> Le Huawei LUNA2000-5KW-CO fait partie de la batterie domestique LUNA2000. Pour compl\u00e9ter la batterie domestique, vous avez \u00e9galement besoin d'une batterie et d'un compteur d'\u00e9nergie.  Les avantages de la batterie domestique Huawei LUNA2000 : 100% profondeur de d\u00e9charge (DoD) Optimiseur d'\u00e9nergie int\u00e9gr\u00e9 Facile \u00e0 installer Conception modulaire, chaque module a une capacit\u00e9 de 5kWh S\u00fbre gr\u00e2ce \u00e0 la cellule lithium fer phosphate (LFP) Mise en service rapide car l'application d\u00e9tecte automatiquement la batterie Utilisation avec le SUN2000 2-6 KTL-L1 &amp; SUN2000 3-10KTL-M1 <\/p>","protected":false},"excerpt":{"rendered":"<p>5kW | Support de montage inclus | D\u00e9lai de livraison 2 jours<\/p>","protected":false},"featured_media":28538,"comment_status":"open","ping_status":"closed","template":"","meta":[],"pwb-brand":[153],"product_brand":[],"product_cat":[77],"product_tag":[],"class_list":{"0":"post-28477","1":"product","2":"type-product","3":"status-publish","4":"has-post-thumbnail","6":"pwb-brand-huawei","7":"product_cat-thuisbatterijen","9":"first","10":"instock","11":"shipping-taxable","12":"purchasable","13":"product-type-simple"},"brands":[{"id":153,"name":"Huawei","slug":"huawei"}],"_links":{"self":[{"href":"https:\/\/thuisbatterijoutlet.eu\/fr\/wp-json\/wp\/v2\/product\/28477","targetHints":{"allow":["GET"]}}],"collection":[{"href":"https:\/\/thuisbatterijoutlet.eu\/fr\/wp-json\/wp\/v2\/product"}],"about":[{"href":"https:\/\/thuisbatterijoutlet.eu\/fr\/wp-json\/wp\/v2\/types\/product"}],"replies":[{"embeddable":true,"href":"https:\/\/thuisbatterijoutlet.eu\/fr\/wp-json\/wp\/v2\/comments?post=28477"}],"version-history":[{"count":1,"href":"https:\/\/thuisbatterijoutlet.eu\/fr\/wp-json\/wp\/v2\/product\/28477\/revisions"}],"predecessor-version":[{"id":28539,"href":"https:\/\/thuisbatterijoutlet.eu\/fr\/wp-json\/wp\/v2\/product\/28477\/revisions\/28539"}],"wp:featuredmedia":[{"embeddable":true,"href":"https:\/\/thuisbatterijoutlet.eu\/fr\/wp-json\/wp\/v2\/media\/28538"}],"wp:attachment":[{"href":"https:\/\/thuisbatterijoutlet.eu\/fr\/wp-json\/wp\/v2\/media?parent=28477"}],"wp:term":[{"taxonomy":"pwb-brand","embeddable":true,"href":"https:\/\/thuisbatterijoutlet.eu\/fr\/wp-json\/wp\/v2\/pwb-brand?post=28477"},{"taxonomy":"product_brand","embeddable":true,"href":"https:\/\/thuisbatterijoutlet.eu\/fr\/wp-json\/wp\/v2\/product_brand?post=28477"},{"taxonomy":"product_cat","embeddable":true,"href":"https:\/\/thuisbatterijoutlet.eu\/fr\/wp-json\/wp\/v2\/product_cat?post=28477"},{"taxonomy":"product_tag","embeddable":true,"href":"https:\/\/thuisbatterijoutlet.eu\/fr\/wp-json\/wp\/v2\/product_tag?post=28477"}],"curies":[{"name":"wp","href":"https:\/\/api.w.org\/{rel}","templated":true}]}}