{"id":28518,"date":"2024-12-20T18:39:54","date_gmt":"2024-12-20T18:39:54","guid":{"rendered":"https:\/\/thuisbatterijoutlet.eu\/?post_type=product&#038;p=28518"},"modified":"2025-03-08T07:37:20","modified_gmt":"2025-03-08T07:37:20","slug":"growatt-ark-15-3xh-thuisbatterij","status":"publish","type":"product","link":"https:\/\/thuisbatterijoutlet.eu\/fr\/produit\/growatt-ark-15-3xh-home-battery\/","title":{"rendered":"Growatt - ARK 15.3XH Batterie domestique"},"content":{"rendered":"<p>La batterie domestique Growatt ARK 15.3XH a une capacit\u00e9 utilisable de 15,3 kWh. Gr\u00e2ce \u00e0 sa conception modulaire, la capacit\u00e9 est facilement extensible jusqu'\u00e0 25,6 kWh. L'ajout de modules de batterie (286176) augmente la capacit\u00e9.<br \/> Cette batterie domestique est compatible avec les onduleurs de la s\u00e9rie Growatt -XH \" pr\u00eats pour la batterie \" :<br \/> -Croissance de la s\u00e9rie MIN TL-XH (MIN 2500~6000TL-XH)<br \/> -S\u00e9rie MOD TL-XH de Growatt (MOD 3~10TL3-XH)<br \/> La batterie domestique Growatt ARK 15.3XH est synonyme de : Excellente s\u00e9curit\u00e9 gr\u00e2ce aux cellules LiFePO4 sans cobalt Installation facile gr\u00e2ce \u00e0 la conception empilable Longue dur\u00e9e de vie Garantie de 10 ans Mise \u00e0 jour du micrologiciel \u00e0 distance Cet ensemble complet contient les composants suivants : Growatt - ARK XH Battery Management System (286169) 6x Growatt - ARK 2.5H-A1 Battery module (286176) Growatt - ARK LV\/HV\/XH Pedestal (286183) Growatt - ARK 2.5H-A1 XH Cable set (286184).<\/p>\n<p>Pour plus d'informations sur le <a href=\"\/fr\/2023\/05\/17\/growatt-ark-h-serie-versus-growatt-xh-serie\/\">S\u00e9rie Growatt ARK cliquez ici<\/a>.<\/p>","protected":false},"excerpt":{"rendered":"<p>Ensemble complet de batteries | 15.3kWh<\/p>","protected":false},"featured_media":28601,"comment_status":"open","ping_status":"closed","template":"","meta":[],"pwb-brand":[152],"product_brand":[],"product_cat":[77],"product_tag":[],"class_list":{"0":"post-28518","1":"product","2":"type-product","3":"status-publish","4":"has-post-thumbnail","6":"pwb-brand-growatt","7":"product_cat-thuisbatterijen","9":"first","10":"instock","11":"shipping-taxable","12":"purchasable","13":"product-type-simple"},"brands":[{"id":152,"name":"Growatt","slug":"growatt"}],"_links":{"self":[{"href":"https:\/\/thuisbatterijoutlet.eu\/fr\/wp-json\/wp\/v2\/product\/28518","targetHints":{"allow":["GET"]}}],"collection":[{"href":"https:\/\/thuisbatterijoutlet.eu\/fr\/wp-json\/wp\/v2\/product"}],"about":[{"href":"https:\/\/thuisbatterijoutlet.eu\/fr\/wp-json\/wp\/v2\/types\/product"}],"replies":[{"embeddable":true,"href":"https:\/\/thuisbatterijoutlet.eu\/fr\/wp-json\/wp\/v2\/comments?post=28518"}],"version-history":[{"count":1,"href":"https:\/\/thuisbatterijoutlet.eu\/fr\/wp-json\/wp\/v2\/product\/28518\/revisions"}],"predecessor-version":[{"id":28602,"href":"https:\/\/thuisbatterijoutlet.eu\/fr\/wp-json\/wp\/v2\/product\/28518\/revisions\/28602"}],"wp:featuredmedia":[{"embeddable":true,"href":"https:\/\/thuisbatterijoutlet.eu\/fr\/wp-json\/wp\/v2\/media\/28601"}],"wp:attachment":[{"href":"https:\/\/thuisbatterijoutlet.eu\/fr\/wp-json\/wp\/v2\/media?parent=28518"}],"wp:term":[{"taxonomy":"pwb-brand","embeddable":true,"href":"https:\/\/thuisbatterijoutlet.eu\/fr\/wp-json\/wp\/v2\/pwb-brand?post=28518"},{"taxonomy":"product_brand","embeddable":true,"href":"https:\/\/thuisbatterijoutlet.eu\/fr\/wp-json\/wp\/v2\/product_brand?post=28518"},{"taxonomy":"product_cat","embeddable":true,"href":"https:\/\/thuisbatterijoutlet.eu\/fr\/wp-json\/wp\/v2\/product_cat?post=28518"},{"taxonomy":"product_tag","embeddable":true,"href":"https:\/\/thuisbatterijoutlet.eu\/fr\/wp-json\/wp\/v2\/product_tag?post=28518"}],"curies":[{"name":"wp","href":"https:\/\/api.w.org\/{rel}","templated":true}]}}