{"id":28550,"date":"2024-12-20T18:40:17","date_gmt":"2024-12-20T18:40:17","guid":{"rendered":"https:\/\/thuisbatterijoutlet.eu\/?post_type=product&#038;p=28550"},"modified":"2025-03-08T07:37:17","modified_gmt":"2025-03-08T07:37:17","slug":"saj-h2-6k-t2-10kwh-all-in-one-solution","status":"publish","type":"product","link":"https:\/\/thuisbatterijoutlet.eu\/fr\/produit\/saj-h2-6k-t2-10kwh-solution-tout-en-un\/","title":{"rendered":"SAJ - H2-6K-T2 - Solution tout-en-un 10kWh"},"content":{"rendered":"<p>SAJ - H2-6K-T2 - 10kWh All-In-One SolutionCette version du syst\u00e8me All-In-One a une puissance de 6kW et une capacit\u00e9 de batterie de 10kWh.SAJ - H2-6K-T2 - 10kWh All-In-One SolutionCette version du syst\u00e8me All-In-One a une puissance de 6kW et une capacit\u00e9 de batterie de 10kWh.SAJ Electric All-In-One Solution HS2-5K-10K-T2La s\u00e9rie HS2 triphas\u00e9e est une combinaison d'un onduleur hybride modulaire et d'une batterie. Le HS2 est facile \u00e0 installer.<br \/>     Les avantages de la solution triphas\u00e9e tout-en-un HS2 sont les suivants :Tous les composants sont r\u00e9unis en une seule unit\u00e9, ce qui permet de r\u00e9duire le c\u00e2blage Conception \u00e9tanche IP65, \u00e9galement pour l'ext\u00e9rieur Fonctionnalit\u00e9 UPS pour l'alimentation de secours Disponible dans une gamme de puissance de 5kW \u00e0 10kW Courant d'entr\u00e9e maximum de 16A pour mieux se connecter \u00e0 un panneau de grande puissance Fonctionnalit\u00e9 AFCI (Arc-Fault-Circuit-Intertuper) int\u00e9gr\u00e9e Conception modulaire \u00e9volutive de la batterie de 5kWh \u00e0 25kWh 100% d\u00e9s\u00e9quilibre de tension triphas\u00e9 SAJ ElectricSAJ est un acteur mondial sur le march\u00e9 des onduleurs. qui se concentre sur les solutions de conversion, de transmission et de stockage des \u00e9nergies renouvelables. L'entreprise propose des onduleurs solaires distribu\u00e9s professionnels, des onduleurs hybrides avec stockage sur batterie et un syst\u00e8me de surveillance.<\/p>","protected":false},"excerpt":{"rendered":"<p>triphas\u00e9 | 6kW de puissance | 10kWh de capacit\u00e9 de batterie | avec compteur d'\u00e9nergie<\/p>","protected":false},"featured_media":28642,"comment_status":"open","ping_status":"closed","template":"","meta":[],"pwb-brand":[390],"product_brand":[],"product_cat":[77],"product_tag":[],"class_list":{"0":"post-28550","1":"product","2":"type-product","3":"status-publish","4":"has-post-thumbnail","6":"pwb-brand-saj","7":"product_cat-thuisbatterijen","9":"first","10":"instock","11":"shipping-taxable","12":"purchasable","13":"product-type-simple"},"brands":[{"id":390,"name":"SAJ","slug":"saj"}],"_links":{"self":[{"href":"https:\/\/thuisbatterijoutlet.eu\/fr\/wp-json\/wp\/v2\/product\/28550","targetHints":{"allow":["GET"]}}],"collection":[{"href":"https:\/\/thuisbatterijoutlet.eu\/fr\/wp-json\/wp\/v2\/product"}],"about":[{"href":"https:\/\/thuisbatterijoutlet.eu\/fr\/wp-json\/wp\/v2\/types\/product"}],"replies":[{"embeddable":true,"href":"https:\/\/thuisbatterijoutlet.eu\/fr\/wp-json\/wp\/v2\/comments?post=28550"}],"version-history":[{"count":1,"href":"https:\/\/thuisbatterijoutlet.eu\/fr\/wp-json\/wp\/v2\/product\/28550\/revisions"}],"predecessor-version":[{"id":28643,"href":"https:\/\/thuisbatterijoutlet.eu\/fr\/wp-json\/wp\/v2\/product\/28550\/revisions\/28643"}],"wp:featuredmedia":[{"embeddable":true,"href":"https:\/\/thuisbatterijoutlet.eu\/fr\/wp-json\/wp\/v2\/media\/28642"}],"wp:attachment":[{"href":"https:\/\/thuisbatterijoutlet.eu\/fr\/wp-json\/wp\/v2\/media?parent=28550"}],"wp:term":[{"taxonomy":"pwb-brand","embeddable":true,"href":"https:\/\/thuisbatterijoutlet.eu\/fr\/wp-json\/wp\/v2\/pwb-brand?post=28550"},{"taxonomy":"product_brand","embeddable":true,"href":"https:\/\/thuisbatterijoutlet.eu\/fr\/wp-json\/wp\/v2\/product_brand?post=28550"},{"taxonomy":"product_cat","embeddable":true,"href":"https:\/\/thuisbatterijoutlet.eu\/fr\/wp-json\/wp\/v2\/product_cat?post=28550"},{"taxonomy":"product_tag","embeddable":true,"href":"https:\/\/thuisbatterijoutlet.eu\/fr\/wp-json\/wp\/v2\/product_tag?post=28550"}],"curies":[{"name":"wp","href":"https:\/\/api.w.org\/{rel}","templated":true}]}}