{"id":28684,"date":"2024-12-20T18:41:56","date_gmt":"2024-12-20T18:41:56","guid":{"rendered":"https:\/\/thuisbatterijoutlet.eu\/?post_type=product&#038;p=28684"},"modified":"2025-03-08T07:36:53","modified_gmt":"2025-03-08T07:36:53","slug":"lg-resu-10h-prime","status":"publish","type":"product","link":"https:\/\/thuisbatterijoutlet.eu\/fr\/produit\/lg-resu-10h-prime-2\/","title":{"rendered":"LG RESU 10H Prime"},"content":{"rendered":"<p>Il fait partie de la derni\u00e8re g\u00e9n\u00e9ration de la s\u00e9rie 3 de la gamme LG RESU. Le RESU10H Prime est une solution de stockage d'\u00e9nergie de 9,6 kWh, 400 V, con\u00e7ue de mani\u00e8re compacte pour stocker et fournir de l'\u00e9nergie \u00e0 partir de vos panneaux solaires photovolta\u00efques et du r\u00e9seau. Cette unit\u00e9 de batterie fournit une alimentation \u00e9lectrique \u00e0 la demande, permettant \u00e0 vos appareils de fonctionner en cas de panne de courant et de minimiser le co\u00fbt de votre facture d'\u00e9lectricit\u00e9.<\/p>\n<p>Le RESU10H Prime est le choix id\u00e9al pour les propri\u00e9taires ou les entreprises qui cherchent \u00e0 devenir ind\u00e9pendants sur le plan \u00e9nerg\u00e9tique. De conception nouvelle et modulaire, la batterie peut \u00eatre facilement \u00e9tendue jusqu'\u00e0 une capacit\u00e9 de 19,2 kWh pour r\u00e9pondre \u00e0 vos besoins \u00e9nerg\u00e9tiques quotidiens.<\/p>","protected":false},"excerpt":{"rendered":"<p>9,6 kWh, 400V, 100% DoD<\/p>","protected":false},"featured_media":28823,"comment_status":"open","ping_status":"closed","template":"","meta":[],"pwb-brand":[],"product_brand":[],"product_cat":[77],"product_tag":[],"class_list":{"0":"post-28684","1":"product","2":"type-product","3":"status-publish","4":"has-post-thumbnail","6":"product_cat-thuisbatterijen","8":"first","9":"instock","10":"shipping-taxable","11":"purchasable","12":"product-type-simple"},"brands":[],"_links":{"self":[{"href":"https:\/\/thuisbatterijoutlet.eu\/fr\/wp-json\/wp\/v2\/product\/28684","targetHints":{"allow":["GET"]}}],"collection":[{"href":"https:\/\/thuisbatterijoutlet.eu\/fr\/wp-json\/wp\/v2\/product"}],"about":[{"href":"https:\/\/thuisbatterijoutlet.eu\/fr\/wp-json\/wp\/v2\/types\/product"}],"replies":[{"embeddable":true,"href":"https:\/\/thuisbatterijoutlet.eu\/fr\/wp-json\/wp\/v2\/comments?post=28684"}],"version-history":[{"count":1,"href":"https:\/\/thuisbatterijoutlet.eu\/fr\/wp-json\/wp\/v2\/product\/28684\/revisions"}],"predecessor-version":[{"id":28824,"href":"https:\/\/thuisbatterijoutlet.eu\/fr\/wp-json\/wp\/v2\/product\/28684\/revisions\/28824"}],"wp:featuredmedia":[{"embeddable":true,"href":"https:\/\/thuisbatterijoutlet.eu\/fr\/wp-json\/wp\/v2\/media\/28823"}],"wp:attachment":[{"href":"https:\/\/thuisbatterijoutlet.eu\/fr\/wp-json\/wp\/v2\/media?parent=28684"}],"wp:term":[{"taxonomy":"pwb-brand","embeddable":true,"href":"https:\/\/thuisbatterijoutlet.eu\/fr\/wp-json\/wp\/v2\/pwb-brand?post=28684"},{"taxonomy":"product_brand","embeddable":true,"href":"https:\/\/thuisbatterijoutlet.eu\/fr\/wp-json\/wp\/v2\/product_brand?post=28684"},{"taxonomy":"product_cat","embeddable":true,"href":"https:\/\/thuisbatterijoutlet.eu\/fr\/wp-json\/wp\/v2\/product_cat?post=28684"},{"taxonomy":"product_tag","embeddable":true,"href":"https:\/\/thuisbatterijoutlet.eu\/fr\/wp-json\/wp\/v2\/product_tag?post=28684"}],"curies":[{"name":"wp","href":"https:\/\/api.w.org\/{rel}","templated":true}]}}