{"id":27793,"date":"2024-12-20T09:47:39","date_gmt":"2024-12-20T09:47:39","guid":{"rendered":"https:\/\/thuisbatterijoutlet.eu\/?page_id=27793"},"modified":"2024-12-20T09:48:29","modified_gmt":"2024-12-20T09:48:29","slug":"0-btw-tarief","status":"publish","type":"page","link":"https:\/\/thuisbatterijoutlet.eu\/it\/0-aliquota-iva\/","title":{"rendered":"0% Aliquota IVA"},"content":{"rendered":"<p>0% Aliquota IVA<\/p>\n\n\n\n<h1 class=\"wp-block-heading\">Abolizione dell'IVA sui pannelli solari<\/h1>\n\n\n\n<p>L'IVA sui pannelli solari - e su tutti gli altri prodotti e servizi necessari per l'installazione di un sistema completo di pannelli solari - \u00e8 stata abolita a partire dal 1\u00b0 gennaio 2023. L'IVA su questi prodotti scender\u00e0 da 21% a 0%. Tuttavia, la cosiddetta aliquota zero si applica solo se l'impianto a pannelli solari \u00e8 installato su una casa o nelle immediate vicinanze di una casa, ad esempio un capannone, una casetta da giardino o un garage. I privati non dovranno pi\u00f9 richiedere il pagamento dell'IVA al fisco, risparmiando cos\u00ec un'ulteriore incombenza amministrativa.<br><br><strong>Condizioni:<\/strong><br>- L'acquirente \u00e8 un privato.<br>- I prodotti acquistati possono essere utilizzati solo per un indirizzo registrato nel registro fondiario con lo scopo: funzione residenziale. \u00c8 possibile verificarlo sul sito&nbsp;<a href=\"https:\/\/bagviewer.kadaster.nl\/lvbag\/bag-viewer\/index.html#?geometry.x=160000&amp;geometry.y=455000&amp;zoomlevel=0\" target=\"_blank\" rel=\"noreferrer noopener nofollow\">sito web<\/a>&nbsp;del catasto.<br>- La tariffa zero si applica ai pannelli solari ma anche a tutti i prodotti e servizi correlati necessari per l'installazione di un pannello solare.&nbsp;<br><br><strong>Siete clienti commerciali?<\/strong><br>In tal caso, al momento dell'ordine dovrete comunque pagare l'IVA come imposta a monte. Naturalmente, \u00e8 possibile recuperarla nella dichiarazione IVA come di consueto.<br><br>\u00c8 un reato penale utilizzare l'aliquota zero dell'IVA con una falsa dichiarazione. Questo \u00e8 considerato evasione fiscale e frode. Pertanto, utilizzate l'opzione IVA 0% solo se tutte le condizioni sono effettivamente soddisfatte. In caso di dubbio, rivolgersi sempre alle autorit\u00e0 fiscali.<\/p>\n\n\n\n<p><\/p>","protected":false},"excerpt":{"rendered":"<p>0% BTW tarief Btw op zonnepanelen afgeschaft De btw op zonnepanelen &#8211; en alle overige producten en diensten die nodig<\/p>","protected":false},"author":1,"featured_media":0,"parent":0,"menu_order":0,"comment_status":"closed","ping_status":"closed","template":"elementor_header_footer","meta":{"footnotes":""},"class_list":["post-27793","page","type-page","status-publish","hentry"],"_links":{"self":[{"href":"https:\/\/thuisbatterijoutlet.eu\/it\/wp-json\/wp\/v2\/pages\/27793","targetHints":{"allow":["GET"]}}],"collection":[{"href":"https:\/\/thuisbatterijoutlet.eu\/it\/wp-json\/wp\/v2\/pages"}],"about":[{"href":"https:\/\/thuisbatterijoutlet.eu\/it\/wp-json\/wp\/v2\/types\/page"}],"author":[{"embeddable":true,"href":"https:\/\/thuisbatterijoutlet.eu\/it\/wp-json\/wp\/v2\/users\/1"}],"replies":[{"embeddable":true,"href":"https:\/\/thuisbatterijoutlet.eu\/it\/wp-json\/wp\/v2\/comments?post=27793"}],"version-history":[{"count":1,"href":"https:\/\/thuisbatterijoutlet.eu\/it\/wp-json\/wp\/v2\/pages\/27793\/revisions"}],"predecessor-version":[{"id":27794,"href":"https:\/\/thuisbatterijoutlet.eu\/it\/wp-json\/wp\/v2\/pages\/27793\/revisions\/27794"}],"wp:attachment":[{"href":"https:\/\/thuisbatterijoutlet.eu\/it\/wp-json\/wp\/v2\/media?parent=27793"}],"curies":[{"name":"wp","href":"https:\/\/api.w.org\/{rel}","templated":true}]}}