{"id":27850,"date":"2024-12-20T18:31:57","date_gmt":"2024-12-20T18:31:57","guid":{"rendered":"https:\/\/thuisbatterijoutlet.eu\/?post_type=product&#038;p=27850"},"modified":"2025-03-08T07:38:53","modified_gmt":"2025-03-08T07:38:53","slug":"solplanet-lv-batterij-5-12kwh-g2","status":"publish","type":"product","link":"https:\/\/thuisbatterijoutlet.eu\/it\/prodotto\/batteria-solplanet-lv-5-12kwh-g2\/","title":{"rendered":"Batteria LV Solplanet 5,12kWh G2"},"content":{"rendered":"<h2 class=\"wp-block-heading\">I principali vantaggi della batteria a bassa tensione Ai-LB 5K:<\/h2>\n<ul class=\"wp-block-list\">\n<li>Design modulare per una facile espansione.<\/li>\n<li>Protezione globale BMS e tecnologia LFP-safe.<\/li>\n<li>Celle di alta qualit\u00e0 per una maggiore durata.<\/li>\n<li>Design con grado di protezione IP65 per un utilizzo affidabile all'esterno.<\/li>\n<li>Facile messa in funzione e monitoraggio con l'app Solplanet.<\/li>\n<li>Installazione facile e veloce con strumenti standard.<\/li>\n<\/ul>\n<h2 class=\"wp-block-heading\">Accumulo di energia ottimizzato<\/h2>\n<p>La batteria a bassa tensione Ai-LB 5K, parte della serie avanzata Ai-LB, \u00e8 progettata per migliorare le soluzioni di accumulo di energia per le applicazioni residenziali e commerciali di piccole dimensioni. Il suo design modulare consente un'espansione senza soluzione di continuit\u00e0, rendendola ideale per soddisfare le mutevoli esigenze energetiche. La batteria Ai-LB 5K fornisce una fornitura di energia continua e sicura, contribuendo a notevoli vantaggi economici e a una protezione affidabile dell'energia durante le interruzioni.<\/p>\n<p>Grazie alle avanzate celle al litio ferro fosfato (LFP), questa batteria garantisce una maggiore durata e sicurezza. Il Battery Management System (BMS) integrato monitora e protegge attivamente la batteria, garantendo prestazioni ed efficienza ottimali. Con un grado di protezione IP65, la batteria Ai-LB 5K \u00e8 sufficientemente robusta per essere installata sia all'interno che all'esterno.<\/p>\n<h2 class=\"wp-block-heading\">Sostenibilit\u00e0 e prestazioni<\/h2>\n<p>La batteria Ai-LB 5K \u00e8 progettata per garantire durata e prestazioni costanti. Le celle di alta qualit\u00e0 e l'alloggiamento con grado di protezione IP65 proteggono dalla polvere e dall'acqua, garantendo un funzionamento affidabile in varie condizioni ambientali. Il design sottile e compatto semplifica l'installazione e l'integrazione in vari sistemi di alimentazione, rendendola una scelta versatile per qualsiasi configurazione.<\/p>\n<h2 class=\"wp-block-heading\">Installazione e monitoraggio<\/h2>\n<p>L'installazione \u00e8 semplice grazie al design precablato della batteria Ai-LB 5K, che riduce il numero di punti di connessione e i tempi di installazione. L'intuitiva applicazione Solplanet consente di monitorare e gestire facilmente le prestazioni della batteria, fornendo una visibilit\u00e0 in tempo reale del consumo energetico e dei livelli di accumulo. Ci\u00f2 garantisce una gestione efficiente dell'energia e massimizza l'affidabilit\u00e0 complessiva del sistema.<\/p>\n<p>Compatibile con la gamma di inverter ibridi Solplanet, la batteria Ai-LB 5K rappresenta una soluzione completa per le moderne esigenze di accumulo di energia. Le sue caratteristiche avanzate, l'interfaccia intuitiva e la struttura robusta la rendono la scelta perfetta per chiunque voglia ottimizzare le proprie capacit\u00e0 di accumulo di energia.<\/p>","protected":false},"excerpt":{"rendered":"<p>Vantaggi principali della batteria a bassa tensione Ai-LB 5K: design modulare per una facile espansione. Protezione BMS globale e tecnologia LFP-safe. Celle di alta qualit\u00e0 per<\/p>","protected":false},"featured_media":27920,"comment_status":"open","ping_status":"closed","template":"","meta":[],"pwb-brand":[157],"product_brand":[],"product_cat":[77],"product_tag":[],"class_list":{"0":"post-27850","1":"product","2":"type-product","3":"status-publish","4":"has-post-thumbnail","6":"pwb-brand-solplanet","7":"product_cat-thuisbatterijen","9":"first","10":"instock","11":"shipping-taxable","12":"purchasable","13":"product-type-simple"},"brands":[{"id":157,"name":"Solplanet","slug":"solplanet"}],"_links":{"self":[{"href":"https:\/\/thuisbatterijoutlet.eu\/it\/wp-json\/wp\/v2\/product\/27850","targetHints":{"allow":["GET"]}}],"collection":[{"href":"https:\/\/thuisbatterijoutlet.eu\/it\/wp-json\/wp\/v2\/product"}],"about":[{"href":"https:\/\/thuisbatterijoutlet.eu\/it\/wp-json\/wp\/v2\/types\/product"}],"replies":[{"embeddable":true,"href":"https:\/\/thuisbatterijoutlet.eu\/it\/wp-json\/wp\/v2\/comments?post=27850"}],"version-history":[{"count":1,"href":"https:\/\/thuisbatterijoutlet.eu\/it\/wp-json\/wp\/v2\/product\/27850\/revisions"}],"predecessor-version":[{"id":27921,"href":"https:\/\/thuisbatterijoutlet.eu\/it\/wp-json\/wp\/v2\/product\/27850\/revisions\/27921"}],"wp:featuredmedia":[{"embeddable":true,"href":"https:\/\/thuisbatterijoutlet.eu\/it\/wp-json\/wp\/v2\/media\/27920"}],"wp:attachment":[{"href":"https:\/\/thuisbatterijoutlet.eu\/it\/wp-json\/wp\/v2\/media?parent=27850"}],"wp:term":[{"taxonomy":"pwb-brand","embeddable":true,"href":"https:\/\/thuisbatterijoutlet.eu\/it\/wp-json\/wp\/v2\/pwb-brand?post=27850"},{"taxonomy":"product_brand","embeddable":true,"href":"https:\/\/thuisbatterijoutlet.eu\/it\/wp-json\/wp\/v2\/product_brand?post=27850"},{"taxonomy":"product_cat","embeddable":true,"href":"https:\/\/thuisbatterijoutlet.eu\/it\/wp-json\/wp\/v2\/product_cat?post=27850"},{"taxonomy":"product_tag","embeddable":true,"href":"https:\/\/thuisbatterijoutlet.eu\/it\/wp-json\/wp\/v2\/product_tag?post=27850"}],"curies":[{"name":"wp","href":"https:\/\/api.w.org\/{rel}","templated":true}]}}