{"id":27955,"date":"2024-12-20T18:32:47","date_gmt":"2024-12-20T18:32:47","guid":{"rendered":"https:\/\/thuisbatterijoutlet.eu\/?post_type=product&#038;p=27955"},"modified":"2025-03-08T07:38:36","modified_gmt":"2025-03-08T07:38:36","slug":"enphase-energy-system-8-x-iq8ac-micro-omvormers-105-kwh-batterij","status":"publish","type":"product","link":"https:\/\/thuisbatterijoutlet.eu\/it\/prodotto\/sistema-energetico-enphase-8-x-iq8ac-micro-inverter-105-kwh-batteria\/","title":{"rendered":"Sistema energetico Enphase 8 x IQ8AC Micro-inverter e batteria da 10,5 kWh"},"content":{"rendered":"<p>Sistema energetico Enphase con microinverter IQ8AC e accumulo da 10,5 kWh. Adatto per sistemi di rete trifase con 8 pannelli.Questo kit \u00e8 la soluzione ideale per un impianto fotovoltaico di 8 pannelli esatti, che include tutti i componenti Enphase necessari (come Q-relay, Q-gateway e cavi Q), per una combinazione semplice e perfetta di microinverter e sistema di accumulo.Vedere la scheda \"Parti\" per tutti i singoli componenti di questo kit.8 x microinverter IQ8ACI potenti microinverter della serie IQ8 sono pronti per le reti intelligenti e progettati per l'ultima generazione di pannelli solari ad alta efficienza. La serie di microinverter IQ8 presenta gli standard pi\u00f9 elevati del settore in termini di produzione di energia e affidabilit\u00e0 e, grazie alla funzione di spegnimento rapido, soddisfa i pi\u00f9 elevati standard di sicurezza. Migliori prestazioni, affidabilit\u00e0 e resilienza per ogni singolo pannello.3 batterie IQ Battery 3T, con una capacit\u00e0 energetica totale di 10,5 kWhCon le batterie IQ di Enphase, l'energia solare pu\u00f2 essere immagazzinata per essere utilizzata in qualsiasi momento, di notte o durante le ore di punta. La batteria IQ Battery 3T \u00e8 affidabile, intelligente, semplice e sicura.Caratteristiche principali:I microinverter IQ8AC sono compatibili con l'ultima generazione di moduli fotovoltaici ad alta efficienzaFacili da installareElevata produzione di energia, affidabilit\u00e0 e sicurezzaBassa tensione CC e spegnimento rapido per la massima sicurezza antincendioGaranzia: 25 anni di garanzia del produttore per i microinverter, 10 anni per le batterie<\/p>","protected":false},"excerpt":{"rendered":"<p>Trifase | adatto a 8 moduli solari<\/p>","protected":false},"featured_media":27992,"comment_status":"open","ping_status":"closed","template":"","meta":[],"pwb-brand":[151],"product_brand":[],"product_cat":[389],"product_tag":[],"class_list":{"0":"post-27955","1":"product","2":"type-product","3":"status-publish","4":"has-post-thumbnail","6":"pwb-brand-enphase","7":"product_cat-thuisbatterij-systemen","9":"first","10":"instock","11":"shipping-taxable","12":"purchasable","13":"product-type-simple"},"brands":[{"id":151,"name":"Enphase","slug":"enphase"}],"_links":{"self":[{"href":"https:\/\/thuisbatterijoutlet.eu\/it\/wp-json\/wp\/v2\/product\/27955","targetHints":{"allow":["GET"]}}],"collection":[{"href":"https:\/\/thuisbatterijoutlet.eu\/it\/wp-json\/wp\/v2\/product"}],"about":[{"href":"https:\/\/thuisbatterijoutlet.eu\/it\/wp-json\/wp\/v2\/types\/product"}],"replies":[{"embeddable":true,"href":"https:\/\/thuisbatterijoutlet.eu\/it\/wp-json\/wp\/v2\/comments?post=27955"}],"version-history":[{"count":1,"href":"https:\/\/thuisbatterijoutlet.eu\/it\/wp-json\/wp\/v2\/product\/27955\/revisions"}],"predecessor-version":[{"id":27993,"href":"https:\/\/thuisbatterijoutlet.eu\/it\/wp-json\/wp\/v2\/product\/27955\/revisions\/27993"}],"wp:featuredmedia":[{"embeddable":true,"href":"https:\/\/thuisbatterijoutlet.eu\/it\/wp-json\/wp\/v2\/media\/27992"}],"wp:attachment":[{"href":"https:\/\/thuisbatterijoutlet.eu\/it\/wp-json\/wp\/v2\/media?parent=27955"}],"wp:term":[{"taxonomy":"pwb-brand","embeddable":true,"href":"https:\/\/thuisbatterijoutlet.eu\/it\/wp-json\/wp\/v2\/pwb-brand?post=27955"},{"taxonomy":"product_brand","embeddable":true,"href":"https:\/\/thuisbatterijoutlet.eu\/it\/wp-json\/wp\/v2\/product_brand?post=27955"},{"taxonomy":"product_cat","embeddable":true,"href":"https:\/\/thuisbatterijoutlet.eu\/it\/wp-json\/wp\/v2\/product_cat?post=27955"},{"taxonomy":"product_tag","embeddable":true,"href":"https:\/\/thuisbatterijoutlet.eu\/it\/wp-json\/wp\/v2\/product_tag?post=27955"}],"curies":[{"name":"wp","href":"https:\/\/api.w.org\/{rel}","templated":true}]}}