{"id":27974,"date":"2024-12-20T18:32:48","date_gmt":"2024-12-20T18:32:48","guid":{"rendered":"https:\/\/thuisbatterijoutlet.eu\/?post_type=product&#038;p=27974"},"modified":"2025-03-08T07:38:33","modified_gmt":"2025-03-08T07:38:33","slug":"solplanet-hv-battery-module-2-56kwh","status":"publish","type":"product","link":"https:\/\/thuisbatterijoutlet.eu\/it\/prodotto\/modulo-batteria-solplanet-hv-2-56kwh\/","title":{"rendered":"Modulo batteria Solplanet HV 2,56kWh"},"content":{"rendered":"<p>Nuova generazione di batterie ad alta tensione, un sistema di accumulo di energia intelligente e flessibile, che si abbina perfettamente agli inverter ibridi trifase di Solplanet. Il design modulare della serie Ai-HB G2 consente di scalare il sistema in base alle proprie esigenze, fino a una capacit\u00e0 massima di 81,92 kWh con quattro unit\u00e0 (di 8 moduli) che lavorano in parallelo senza soluzione di continuit\u00e0. Il sistema di gestione intelligente delle batterie monitora ogni singola cella in modo indipendente, ottimizzando lo stato di funzionamento dettagliato dell'intero impianto, garantendo affidabilit\u00e0 e sicurezza a lungo termine e consentendo di impostare il rendimento dell'impianto per l'autoconsumo, il risparmio dei picchi e l'uso del tempo, monitorando l'intero stato online con le app Solplanet di facile utilizzo. L'installazione e la compatibilit\u00e0 sono sempre semplici, come in tutti i prodotti Solplanet, e rendono il lavoro piacevole sia per gli installatori che per gli utenti.<\/p>","protected":false},"excerpt":{"rendered":"<p>Modulo batteria 2,56kWh<\/p>","protected":false},"featured_media":28066,"comment_status":"open","ping_status":"closed","template":"","meta":[],"pwb-brand":[157],"product_brand":[],"product_cat":[77],"product_tag":[],"class_list":{"0":"post-27974","1":"product","2":"type-product","3":"status-publish","4":"has-post-thumbnail","6":"pwb-brand-solplanet","7":"product_cat-thuisbatterijen","9":"first","10":"instock","11":"shipping-taxable","12":"purchasable","13":"product-type-simple"},"brands":[{"id":157,"name":"Solplanet","slug":"solplanet"}],"_links":{"self":[{"href":"https:\/\/thuisbatterijoutlet.eu\/it\/wp-json\/wp\/v2\/product\/27974","targetHints":{"allow":["GET"]}}],"collection":[{"href":"https:\/\/thuisbatterijoutlet.eu\/it\/wp-json\/wp\/v2\/product"}],"about":[{"href":"https:\/\/thuisbatterijoutlet.eu\/it\/wp-json\/wp\/v2\/types\/product"}],"replies":[{"embeddable":true,"href":"https:\/\/thuisbatterijoutlet.eu\/it\/wp-json\/wp\/v2\/comments?post=27974"}],"version-history":[{"count":1,"href":"https:\/\/thuisbatterijoutlet.eu\/it\/wp-json\/wp\/v2\/product\/27974\/revisions"}],"predecessor-version":[{"id":28067,"href":"https:\/\/thuisbatterijoutlet.eu\/it\/wp-json\/wp\/v2\/product\/27974\/revisions\/28067"}],"wp:featuredmedia":[{"embeddable":true,"href":"https:\/\/thuisbatterijoutlet.eu\/it\/wp-json\/wp\/v2\/media\/28066"}],"wp:attachment":[{"href":"https:\/\/thuisbatterijoutlet.eu\/it\/wp-json\/wp\/v2\/media?parent=27974"}],"wp:term":[{"taxonomy":"pwb-brand","embeddable":true,"href":"https:\/\/thuisbatterijoutlet.eu\/it\/wp-json\/wp\/v2\/pwb-brand?post=27974"},{"taxonomy":"product_brand","embeddable":true,"href":"https:\/\/thuisbatterijoutlet.eu\/it\/wp-json\/wp\/v2\/product_brand?post=27974"},{"taxonomy":"product_cat","embeddable":true,"href":"https:\/\/thuisbatterijoutlet.eu\/it\/wp-json\/wp\/v2\/product_cat?post=27974"},{"taxonomy":"product_tag","embeddable":true,"href":"https:\/\/thuisbatterijoutlet.eu\/it\/wp-json\/wp\/v2\/product_tag?post=27974"}],"curies":[{"name":"wp","href":"https:\/\/api.w.org\/{rel}","templated":true}]}}