{"id":28160,"date":"2024-12-20T18:35:23","date_gmt":"2024-12-20T18:35:23","guid":{"rendered":"https:\/\/thuisbatterijoutlet.eu\/?post_type=product&#038;p=28160"},"modified":"2025-03-08T07:38:11","modified_gmt":"2025-03-08T07:38:11","slug":"bmz-hoogspanningsbatterij-met-housing-hyperion-12-5kwh-bundel","status":"publish","type":"product","link":"https:\/\/thuisbatterijoutlet.eu\/it\/prodotto\/batteria-ad-alta-tensione-bmz-con-alloggiamento-hyperion-12-5kwh-beam\/","title":{"rendered":"BMZ Batteria ad alta tensione con alloggiamento Hyperion da 12,5kWh"},"content":{"rendered":"<p>Questo set comprende:<\/p>\n<p>5 x Modulo batteria BMZ Helios<br \/> 1 x BMZ Alloggiamento Hyperion<\/p>\n<p>Modulo batteria BMZ Helios (SKU: 612033)<br \/> Estensione intelligente della batteria di potenza per il nuovo sistema di accumulo ad alta tensione Hyperion, costituita da un modulo con una capacit\u00e0 totale di 3 kWh. Facile e affidabile da installare. La memoria pu\u00f2 essere facilmente ampliata in futuro. Il sistema \u00e8 ovviamente prodotto in Germania. Il modulo Helios \u00e8 pronto per essere collegato a pi\u00f9 connessioni, convince per la sua lunga durata ed \u00e8 molto leggero e compatto. Per ulteriori informazioni sul modulo batteria Helios, consultare la scheda tecnica nel menu Download. Potenza 48,7 Ah, contenuto energetico 2,50 kWh, tensione nominale 51,8 V.<br \/> BMZ Alloggiamento Hyperion (SKU: 616038)<br \/> Grazie alla sua modularit\u00e0, il nuovo e innovativo sistema di accumulo ad alta tensione Hyperion \u00e8 semplice e allo stesso tempo affidabile da installare. Inoltre, il sistema di accumulo pu\u00f2 essere ampliato in futuro quando sar\u00e0 necessario un volume di energia maggiore. Prodotto in Germania, il prodotto pu\u00f2 essere equipaggiato con un minimo di tre e un massimo di sei moduli, fino a una capacit\u00e0 totale di 15 kWh. Le celle della batteria agli ioni di litio ad alte prestazioni sono installate nell'Hyperion. Il design sicuro e la struttura robusta sono i successori della comprovata qualit\u00e0 BMZ dei precedenti moduli di accumulo. Adatto come sistema di accumulo di energia di emergenza, riduce i costi complessivi del sistema e ne aumenta l'efficienza. Si tratta di un vero e proprio dispositivo di accumulo ad alta tensione, che elimina la necessit\u00e0 di un convertitore DC\/DC nascosto. Hyperion \u00e8 compatibile con gli inverter di diversi produttori, come indicato nella panoramica di compatibilit\u00e0.<br \/> Mostra tutti<\/p>","protected":false},"excerpt":{"rendered":"<p>Capacit\u00e0 48,7 Ah<\/p>","protected":false},"featured_media":28246,"comment_status":"open","ping_status":"closed","template":"","meta":[],"pwb-brand":[],"product_brand":[],"product_cat":[77],"product_tag":[],"class_list":{"0":"post-28160","1":"product","2":"type-product","3":"status-publish","4":"has-post-thumbnail","6":"product_cat-thuisbatterijen","8":"first","9":"instock","10":"shipping-taxable","11":"purchasable","12":"product-type-simple"},"brands":[],"_links":{"self":[{"href":"https:\/\/thuisbatterijoutlet.eu\/it\/wp-json\/wp\/v2\/product\/28160","targetHints":{"allow":["GET"]}}],"collection":[{"href":"https:\/\/thuisbatterijoutlet.eu\/it\/wp-json\/wp\/v2\/product"}],"about":[{"href":"https:\/\/thuisbatterijoutlet.eu\/it\/wp-json\/wp\/v2\/types\/product"}],"replies":[{"embeddable":true,"href":"https:\/\/thuisbatterijoutlet.eu\/it\/wp-json\/wp\/v2\/comments?post=28160"}],"version-history":[{"count":1,"href":"https:\/\/thuisbatterijoutlet.eu\/it\/wp-json\/wp\/v2\/product\/28160\/revisions"}],"predecessor-version":[{"id":28247,"href":"https:\/\/thuisbatterijoutlet.eu\/it\/wp-json\/wp\/v2\/product\/28160\/revisions\/28247"}],"wp:featuredmedia":[{"embeddable":true,"href":"https:\/\/thuisbatterijoutlet.eu\/it\/wp-json\/wp\/v2\/media\/28246"}],"wp:attachment":[{"href":"https:\/\/thuisbatterijoutlet.eu\/it\/wp-json\/wp\/v2\/media?parent=28160"}],"wp:term":[{"taxonomy":"pwb-brand","embeddable":true,"href":"https:\/\/thuisbatterijoutlet.eu\/it\/wp-json\/wp\/v2\/pwb-brand?post=28160"},{"taxonomy":"product_brand","embeddable":true,"href":"https:\/\/thuisbatterijoutlet.eu\/it\/wp-json\/wp\/v2\/product_brand?post=28160"},{"taxonomy":"product_cat","embeddable":true,"href":"https:\/\/thuisbatterijoutlet.eu\/it\/wp-json\/wp\/v2\/product_cat?post=28160"},{"taxonomy":"product_tag","embeddable":true,"href":"https:\/\/thuisbatterijoutlet.eu\/it\/wp-json\/wp\/v2\/product_tag?post=28160"}],"curies":[{"name":"wp","href":"https:\/\/api.w.org\/{rel}","templated":true}]}}