{"id":28314,"date":"2024-12-20T18:37:50","date_gmt":"2024-12-20T18:37:50","guid":{"rendered":"https:\/\/thuisbatterijoutlet.eu\/?post_type=product&#038;p=28314"},"modified":"2025-03-08T07:37:54","modified_gmt":"2025-03-08T07:37:54","slug":"pylontech-force-h2-71-kwh","status":"publish","type":"product","link":"https:\/\/thuisbatterijoutlet.eu\/it\/prodotto\/pylontech-force-h2-71-kwh\/","title":{"rendered":"Pylontech Force H2 7,1 kWh"},"content":{"rendered":"<h1 class=\"wp-block-heading\"><\/h1>\n<p>De Pylontech Force H2 7,1 kWh hoogspanningsaccu slaat elektriciteit op van uw lokale energienet. De capaciteit van 7,1 kWh geeft aan hoeveel energie het opslagsysteem kan absorberen wanneer het volledig is opgeladen. De set bestaat uit twee batterijmodules en een Batterij Management Systeem (BMS).<\/p>\n<p>2x Pylontech Force H2 3.55KWH <br \/>1x Force H2 BMS with base and Cables<\/p>","protected":false},"excerpt":{"rendered":"<h3>Batteria ad alta tensione Pylontech Force H2 FH9637M 96V 3,5kWh<\/h3>\n<p>Il modulo batteria di espansione Pylontech 96V Force H2 FH9637M da 3,5 kWh \u00e8 combinabile fino a un massimo di 4 batterie per pacco batteria. Il nuovo Force H2 di Pylontech offre opzioni di installazione rapida grazie al suo sistema di impilamento.<\/p>\n<h3>Informazioni tecniche<\/h3>\n<ul>\n<li>La batteria ad alta tensione Pylontech Force H2 7,1 kWh immagazzina l'elettricit\u00e0 dalla rete elettrica locale.<\/li>\n<li>La capacit\u00e0 di 7,1 kWh indica la quantit\u00e0 di energia che il sistema di accumulo pu\u00f2 assorbire quando \u00e8 completamente carico.<\/li>\n<li>Il set \u00e8 composto da due moduli batteria e da un sistema di gestione della batteria (BMS).<\/li>\n<li>Installazione facile e veloce + espansione<\/li>\n<\/ul>\n<h3>\u00a0<\/h3>\n<h3>Pylontech Force H2 FSC500M BMS per batteria ad alta tensione da 96V 3,5kWh FH9637M Il Pylontech Force H2<\/h3>\n<p>Il BMS FSC500M \u00e8 un sistema di gestione della batteria per la batteria ad alta tensione Pylontech Force H2 FH9637M. Questo kit contiene i seguenti elementi:<\/p>\n<ul>\n<li>1 BMS Pylontech Force H2 FSC500M per batteria ad alta tensione da 96V 3,5kWh FH9637M<\/li>\n<li>2 batterie ad alta tensione Pylontech Force H2 FH9637M 96V 3,5kWh<\/li>\n<\/ul>","protected":false},"featured_media":28434,"comment_status":"open","ping_status":"closed","template":"","meta":[],"pwb-brand":[155],"product_brand":[],"product_cat":[77],"product_tag":[],"class_list":{"0":"post-28314","1":"product","2":"type-product","3":"status-publish","4":"has-post-thumbnail","6":"pwb-brand-pylontech","7":"product_cat-thuisbatterijen","9":"first","10":"instock","11":"shipping-taxable","12":"purchasable","13":"product-type-simple"},"brands":[{"id":155,"name":"Pylontech","slug":"pylontech"}],"_links":{"self":[{"href":"https:\/\/thuisbatterijoutlet.eu\/it\/wp-json\/wp\/v2\/product\/28314","targetHints":{"allow":["GET"]}}],"collection":[{"href":"https:\/\/thuisbatterijoutlet.eu\/it\/wp-json\/wp\/v2\/product"}],"about":[{"href":"https:\/\/thuisbatterijoutlet.eu\/it\/wp-json\/wp\/v2\/types\/product"}],"replies":[{"embeddable":true,"href":"https:\/\/thuisbatterijoutlet.eu\/it\/wp-json\/wp\/v2\/comments?post=28314"}],"version-history":[{"count":1,"href":"https:\/\/thuisbatterijoutlet.eu\/it\/wp-json\/wp\/v2\/product\/28314\/revisions"}],"predecessor-version":[{"id":28435,"href":"https:\/\/thuisbatterijoutlet.eu\/it\/wp-json\/wp\/v2\/product\/28314\/revisions\/28435"}],"wp:featuredmedia":[{"embeddable":true,"href":"https:\/\/thuisbatterijoutlet.eu\/it\/wp-json\/wp\/v2\/media\/28434"}],"wp:attachment":[{"href":"https:\/\/thuisbatterijoutlet.eu\/it\/wp-json\/wp\/v2\/media?parent=28314"}],"wp:term":[{"taxonomy":"pwb-brand","embeddable":true,"href":"https:\/\/thuisbatterijoutlet.eu\/it\/wp-json\/wp\/v2\/pwb-brand?post=28314"},{"taxonomy":"product_brand","embeddable":true,"href":"https:\/\/thuisbatterijoutlet.eu\/it\/wp-json\/wp\/v2\/product_brand?post=28314"},{"taxonomy":"product_cat","embeddable":true,"href":"https:\/\/thuisbatterijoutlet.eu\/it\/wp-json\/wp\/v2\/product_cat?post=28314"},{"taxonomy":"product_tag","embeddable":true,"href":"https:\/\/thuisbatterijoutlet.eu\/it\/wp-json\/wp\/v2\/product_tag?post=28314"}],"curies":[{"name":"wp","href":"https:\/\/api.w.org\/{rel}","templated":true}]}}