{"id":28333,"date":"2024-12-20T18:38:11","date_gmt":"2024-12-20T18:38:11","guid":{"rendered":"https:\/\/thuisbatterijoutlet.eu\/?post_type=product&#038;p=28333"},"modified":"2025-03-08T07:37:52","modified_gmt":"2025-03-08T07:37:52","slug":"pylon-us5000-4-8kwh-lithium-battery","status":"publish","type":"product","link":"https:\/\/thuisbatterijoutlet.eu\/it\/prodotto\/batteria-al-litio-pylon-us5000-4-8kwh\/","title":{"rendered":"Batteria al litio Pylon US5000 4,8kWh"},"content":{"rendered":"<p>Fosfato di ferro e litio (LFP) pi\u00f9 di 10 anni di esperienza dedicata alla batteria al litio Raw Matierals solo per l'applicazione di stoccaggio della batteria. Integrazione del sistema di batterie con la R&amp;S e la produzione di propriet\u00e0 di BMSESS in termini di stabilit\u00e0 delle prestazioni e longevit\u00e0 dalla cella ai sistemi di batterie Integrazione. Metodo flessibile di installazione fai-da-te con staffa\/rack\/armadio standard da 19 pollici. Espansione illimitata della capacit\u00e0 fino a 16 unit\u00e0 per stringa. Se si lavora con LV-Hub si possono avere fino a 480 unit\u00e0 in un unico sistema. Ambiente di installazione robusto: intervallo di temperatura operativa da 10 a 50 \u2103, fino a 4000 m di altitudine. 15 minuti e 121-200A @ 15sec; 3,2 volte pi\u00f9 potente di US2000 (25a). Quattro livelli di protezione dalla corrente: MOS, fusibile attivo e passivo doppio, circuito di precarica, interruttore CC per migliorare la sicurezza del sistema. L'attacco di corrente a strozzo 50% offre una maggiore potenza in condizioni di temperatura critiche.<\/p>\n<p>Qui sono necessari anche i seguenti elementi:<\/p>","protected":false},"excerpt":{"rendered":"<p>Fosfato di ferro e litio (LFP) Oltre 10 anni di esperienza dedicata alle batterie al litio Materiali grezzi solo per applicazioni di stoccaggio delle batterie Integrazione del sistema di batterie con la ricerca e sviluppo di propriet\u00e0 di BMSESS<\/p>","protected":false},"featured_media":28443,"comment_status":"open","ping_status":"closed","template":"","meta":[],"pwb-brand":[],"product_brand":[],"product_cat":[77],"product_tag":[],"class_list":{"0":"post-28333","1":"product","2":"type-product","3":"status-publish","4":"has-post-thumbnail","6":"product_cat-thuisbatterijen","8":"first","9":"instock","10":"shipping-taxable","11":"purchasable","12":"product-type-simple"},"brands":[],"_links":{"self":[{"href":"https:\/\/thuisbatterijoutlet.eu\/it\/wp-json\/wp\/v2\/product\/28333","targetHints":{"allow":["GET"]}}],"collection":[{"href":"https:\/\/thuisbatterijoutlet.eu\/it\/wp-json\/wp\/v2\/product"}],"about":[{"href":"https:\/\/thuisbatterijoutlet.eu\/it\/wp-json\/wp\/v2\/types\/product"}],"replies":[{"embeddable":true,"href":"https:\/\/thuisbatterijoutlet.eu\/it\/wp-json\/wp\/v2\/comments?post=28333"}],"version-history":[{"count":1,"href":"https:\/\/thuisbatterijoutlet.eu\/it\/wp-json\/wp\/v2\/product\/28333\/revisions"}],"predecessor-version":[{"id":28444,"href":"https:\/\/thuisbatterijoutlet.eu\/it\/wp-json\/wp\/v2\/product\/28333\/revisions\/28444"}],"wp:featuredmedia":[{"embeddable":true,"href":"https:\/\/thuisbatterijoutlet.eu\/it\/wp-json\/wp\/v2\/media\/28443"}],"wp:attachment":[{"href":"https:\/\/thuisbatterijoutlet.eu\/it\/wp-json\/wp\/v2\/media?parent=28333"}],"wp:term":[{"taxonomy":"pwb-brand","embeddable":true,"href":"https:\/\/thuisbatterijoutlet.eu\/it\/wp-json\/wp\/v2\/pwb-brand?post=28333"},{"taxonomy":"product_brand","embeddable":true,"href":"https:\/\/thuisbatterijoutlet.eu\/it\/wp-json\/wp\/v2\/product_brand?post=28333"},{"taxonomy":"product_cat","embeddable":true,"href":"https:\/\/thuisbatterijoutlet.eu\/it\/wp-json\/wp\/v2\/product_cat?post=28333"},{"taxonomy":"product_tag","embeddable":true,"href":"https:\/\/thuisbatterijoutlet.eu\/it\/wp-json\/wp\/v2\/product_tag?post=28333"}],"curies":[{"name":"wp","href":"https:\/\/api.w.org\/{rel}","templated":true}]}}