{"id":28354,"date":"2024-12-20T18:38:33","date_gmt":"2024-12-20T18:38:33","guid":{"rendered":"https:\/\/thuisbatterijoutlet.eu\/?post_type=product&#038;p=28354"},"modified":"2025-03-08T07:37:47","modified_gmt":"2025-03-08T07:37:47","slug":"pylon-us3000-3-55kwh-lithium-battery","status":"publish","type":"product","link":"https:\/\/thuisbatterijoutlet.eu\/it\/prodotto\/batteria-al-litio-pylon-us3000-3-55kwh\/","title":{"rendered":"Batteria al litio Pylon US3000 3,55kWh"},"content":{"rendered":"<p>US3000 Our \u00e8 l'ultimo sistema di batterie HESS di Pylontech, che vanta una vasta esperienza nella fornitura di prodotti in oltre 20000 abitazioni. La lunga durata, la densit\u00e0 di energia e di potenza pi\u00f9 elevata del settore, il design alla moda, la facilit\u00e0 di installazione e di espansione riflettono le reali esigenze degli utenti finali e le pi\u00f9 solide capacit\u00e0 tecniche di Pylontech.- L'integrazione verticale del settore garantisce oltre 6000 cicli con 90% DOD - Il design compatto e alla moda si adatta all'ambiente domestico - Il design modulare offre ai clienti finali la possibilit\u00e0 di scegliere la capacit\u00e0 - Compatibile con la maggior parte degli inverter ibridi disponibili - Fissaggio semplice con fibbiaMinimizza i tempi e i costi di installazione - Certificazione di sicurezza CE UN38.3<\/p>","protected":false},"excerpt":{"rendered":"<p>US3000 Il nostro \u00e8 l'ultimo sistema di batterie HESS di Pylontech con la nostra abbondante esperienza di ottenere il nostro prodotto in pi\u00f9 di 20000<\/p>","protected":false},"featured_media":28445,"comment_status":"open","ping_status":"closed","template":"","meta":[],"pwb-brand":[155],"product_brand":[],"product_cat":[77],"product_tag":[],"class_list":{"0":"post-28354","1":"product","2":"type-product","3":"status-publish","4":"has-post-thumbnail","6":"pwb-brand-pylontech","7":"product_cat-thuisbatterijen","9":"first","10":"instock","11":"shipping-taxable","12":"purchasable","13":"product-type-simple"},"brands":[{"id":155,"name":"Pylontech","slug":"pylontech"}],"_links":{"self":[{"href":"https:\/\/thuisbatterijoutlet.eu\/it\/wp-json\/wp\/v2\/product\/28354","targetHints":{"allow":["GET"]}}],"collection":[{"href":"https:\/\/thuisbatterijoutlet.eu\/it\/wp-json\/wp\/v2\/product"}],"about":[{"href":"https:\/\/thuisbatterijoutlet.eu\/it\/wp-json\/wp\/v2\/types\/product"}],"replies":[{"embeddable":true,"href":"https:\/\/thuisbatterijoutlet.eu\/it\/wp-json\/wp\/v2\/comments?post=28354"}],"version-history":[{"count":1,"href":"https:\/\/thuisbatterijoutlet.eu\/it\/wp-json\/wp\/v2\/product\/28354\/revisions"}],"predecessor-version":[{"id":28446,"href":"https:\/\/thuisbatterijoutlet.eu\/it\/wp-json\/wp\/v2\/product\/28354\/revisions\/28446"}],"wp:featuredmedia":[{"embeddable":true,"href":"https:\/\/thuisbatterijoutlet.eu\/it\/wp-json\/wp\/v2\/media\/28445"}],"wp:attachment":[{"href":"https:\/\/thuisbatterijoutlet.eu\/it\/wp-json\/wp\/v2\/media?parent=28354"}],"wp:term":[{"taxonomy":"pwb-brand","embeddable":true,"href":"https:\/\/thuisbatterijoutlet.eu\/it\/wp-json\/wp\/v2\/pwb-brand?post=28354"},{"taxonomy":"product_brand","embeddable":true,"href":"https:\/\/thuisbatterijoutlet.eu\/it\/wp-json\/wp\/v2\/product_brand?post=28354"},{"taxonomy":"product_cat","embeddable":true,"href":"https:\/\/thuisbatterijoutlet.eu\/it\/wp-json\/wp\/v2\/product_cat?post=28354"},{"taxonomy":"product_tag","embeddable":true,"href":"https:\/\/thuisbatterijoutlet.eu\/it\/wp-json\/wp\/v2\/product_tag?post=28354"}],"curies":[{"name":"wp","href":"https:\/\/api.w.org\/{rel}","templated":true}]}}