{"id":28424,"date":"2024-12-20T18:38:55","date_gmt":"2024-12-20T18:38:55","guid":{"rendered":"https:\/\/thuisbatterijoutlet.eu\/?post_type=product&#038;p=28424"},"modified":"2025-03-08T07:37:36","modified_gmt":"2025-03-08T07:37:36","slug":"byd-battery-box-premium-lvs-8-0-thuisbatterij","status":"publish","type":"product","link":"https:\/\/thuisbatterijoutlet.eu\/it\/prodotto\/byd-battery-box-premium-lvs-8-0-thuisbatterij\/","title":{"rendered":"BYD - Batteria domestica LVS 8.0 Premium Battery Box"},"content":{"rendered":"<p>De BYD Battery Box Premium LVS 8.0 is een complete thuisbatterij.<br \/>     Grazie al design modulare di BYD, la capacit\u00e0 della batteria \u00e8 facilmente espandibile. L'aggiunta di moduli batteria (662003) aumenta la capacit\u00e0.<br \/>     In questo modo \u00e8 possibile creare un sistema di batterie adatto a qualsiasi fascia di potenza\/abitazione, ideale per gli impianti fotovoltaici residenziali.<br \/>  Deze set is compatible met de volgende omvormers: SolarEdge 3-fase StorEdge SE(5-10)K-RWS48BEN4 serie Solis 1-fase RHI-(3-6)K-48ES-5G serie Solis 1-fase RAI-3K-48ES-5G De voordelen van de BYD Battery Box Premium LVS:  Eenvoudig te installeren  Door een beschikbare internetverbinding biedt BYD de mogelijkheid tot offsite support  Geschikt voor hoog vermogen noodstroomvoorziening  Modulair ontwerp, per batterij module 4 kWh capaciteit  Maximale veiligheid door een kobaltvrije lithium ijzer fosfaat cel en voldoet aan de hoogste veiligheidsnormering (VDE 2510-50)  Deze volledige set bevat de volgende onderdelen: BYD &#8211; LVS Power Distribution Unit + voetstuk 662004 2x BYD &#8211; LVS Batterij Module 4kWh 662003 BYD &#8211; LVS Battery Management Unit 662005 BYD &#8211; LVS Kabel set 50mm\u00b2 2,5m 430126<\/p>","protected":false},"excerpt":{"rendered":"<p>Set completo di batterie | 8,0kWh<\/p>","protected":false},"featured_media":28502,"comment_status":"open","ping_status":"closed","template":"","meta":[],"pwb-brand":[150],"product_brand":[],"product_cat":[77],"product_tag":[],"class_list":{"0":"post-28424","1":"product","2":"type-product","3":"status-publish","4":"has-post-thumbnail","6":"pwb-brand-byd","7":"product_cat-thuisbatterijen","9":"first","10":"instock","11":"shipping-taxable","12":"purchasable","13":"product-type-simple"},"brands":[{"id":150,"name":"BYD","slug":"byd"}],"_links":{"self":[{"href":"https:\/\/thuisbatterijoutlet.eu\/it\/wp-json\/wp\/v2\/product\/28424","targetHints":{"allow":["GET"]}}],"collection":[{"href":"https:\/\/thuisbatterijoutlet.eu\/it\/wp-json\/wp\/v2\/product"}],"about":[{"href":"https:\/\/thuisbatterijoutlet.eu\/it\/wp-json\/wp\/v2\/types\/product"}],"replies":[{"embeddable":true,"href":"https:\/\/thuisbatterijoutlet.eu\/it\/wp-json\/wp\/v2\/comments?post=28424"}],"version-history":[{"count":1,"href":"https:\/\/thuisbatterijoutlet.eu\/it\/wp-json\/wp\/v2\/product\/28424\/revisions"}],"predecessor-version":[{"id":28503,"href":"https:\/\/thuisbatterijoutlet.eu\/it\/wp-json\/wp\/v2\/product\/28424\/revisions\/28503"}],"wp:featuredmedia":[{"embeddable":true,"href":"https:\/\/thuisbatterijoutlet.eu\/it\/wp-json\/wp\/v2\/media\/28502"}],"wp:attachment":[{"href":"https:\/\/thuisbatterijoutlet.eu\/it\/wp-json\/wp\/v2\/media?parent=28424"}],"wp:term":[{"taxonomy":"pwb-brand","embeddable":true,"href":"https:\/\/thuisbatterijoutlet.eu\/it\/wp-json\/wp\/v2\/pwb-brand?post=28424"},{"taxonomy":"product_brand","embeddable":true,"href":"https:\/\/thuisbatterijoutlet.eu\/it\/wp-json\/wp\/v2\/product_brand?post=28424"},{"taxonomy":"product_cat","embeddable":true,"href":"https:\/\/thuisbatterijoutlet.eu\/it\/wp-json\/wp\/v2\/product_cat?post=28424"},{"taxonomy":"product_tag","embeddable":true,"href":"https:\/\/thuisbatterijoutlet.eu\/it\/wp-json\/wp\/v2\/product_tag?post=28424"}],"curies":[{"name":"wp","href":"https:\/\/api.w.org\/{rel}","templated":true}]}}