{"id":28474,"date":"2024-12-20T18:39:30","date_gmt":"2024-12-20T18:39:30","guid":{"rendered":"https:\/\/thuisbatterijoutlet.eu\/?post_type=product&#038;p=28474"},"modified":"2025-03-08T07:37:30","modified_gmt":"2025-03-08T07:37:30","slug":"huawei-luna2000-15-s0-thuisbatterij","status":"publish","type":"product","link":"https:\/\/thuisbatterijoutlet.eu\/it\/prodotto\/batteria-domestica-huawei-luna2000-15-s0\/","title":{"rendered":"Huawei - Batteria domestica LUNA2000-15-S0"},"content":{"rendered":"<p>Huawei LUNA2000-15-S0 \u00e8 una batteria domestica completa con una capacit\u00e0 di 15kWh. Huawei LUNA2000-15-S0 pu\u00f2 essere utilizzata in combinazione con gli inverter Huawei SUN2000 2-6KTL-L1 e SUN2000 3-10KTL-M1 \"Battery ready\" I vantaggi della batteria domestica Huawei LUNA2000: 100% profondit\u00e0 di scarica (DoD) Ottimizzatore energetico integrato Facile da installare Design modulare Sicuro grazie alla cella al litio-fosfato di ferro (LFP) Messa in funzione rapida perch\u00e9 l'app rileva automaticamente la batteria Questo set completo contiene i seguenti componenti:Huawei - LUNA2000-5KW-CO Modulo di potenza (255651) 3x Huawei - LUNA2000-5KW-EO Batteria ad alta tensione da 5kWh (255650) <\/p>","protected":false},"excerpt":{"rendered":"<p>Set di batterie completo | 15kWh<\/p>","protected":false},"featured_media":28532,"comment_status":"open","ping_status":"closed","template":"","meta":[],"pwb-brand":[153],"product_brand":[],"product_cat":[77],"product_tag":[],"class_list":{"0":"post-28474","1":"product","2":"type-product","3":"status-publish","4":"has-post-thumbnail","6":"pwb-brand-huawei","7":"product_cat-thuisbatterijen","9":"first","10":"instock","11":"shipping-taxable","12":"purchasable","13":"product-type-simple"},"brands":[{"id":153,"name":"Huawei","slug":"huawei"}],"_links":{"self":[{"href":"https:\/\/thuisbatterijoutlet.eu\/it\/wp-json\/wp\/v2\/product\/28474","targetHints":{"allow":["GET"]}}],"collection":[{"href":"https:\/\/thuisbatterijoutlet.eu\/it\/wp-json\/wp\/v2\/product"}],"about":[{"href":"https:\/\/thuisbatterijoutlet.eu\/it\/wp-json\/wp\/v2\/types\/product"}],"replies":[{"embeddable":true,"href":"https:\/\/thuisbatterijoutlet.eu\/it\/wp-json\/wp\/v2\/comments?post=28474"}],"version-history":[{"count":1,"href":"https:\/\/thuisbatterijoutlet.eu\/it\/wp-json\/wp\/v2\/product\/28474\/revisions"}],"predecessor-version":[{"id":28533,"href":"https:\/\/thuisbatterijoutlet.eu\/it\/wp-json\/wp\/v2\/product\/28474\/revisions\/28533"}],"wp:featuredmedia":[{"embeddable":true,"href":"https:\/\/thuisbatterijoutlet.eu\/it\/wp-json\/wp\/v2\/media\/28532"}],"wp:attachment":[{"href":"https:\/\/thuisbatterijoutlet.eu\/it\/wp-json\/wp\/v2\/media?parent=28474"}],"wp:term":[{"taxonomy":"pwb-brand","embeddable":true,"href":"https:\/\/thuisbatterijoutlet.eu\/it\/wp-json\/wp\/v2\/pwb-brand?post=28474"},{"taxonomy":"product_brand","embeddable":true,"href":"https:\/\/thuisbatterijoutlet.eu\/it\/wp-json\/wp\/v2\/product_brand?post=28474"},{"taxonomy":"product_cat","embeddable":true,"href":"https:\/\/thuisbatterijoutlet.eu\/it\/wp-json\/wp\/v2\/product_cat?post=28474"},{"taxonomy":"product_tag","embeddable":true,"href":"https:\/\/thuisbatterijoutlet.eu\/it\/wp-json\/wp\/v2\/product_tag?post=28474"}],"curies":[{"name":"wp","href":"https:\/\/api.w.org\/{rel}","templated":true}]}}