{"id":28550,"date":"2024-12-20T18:40:17","date_gmt":"2024-12-20T18:40:17","guid":{"rendered":"https:\/\/thuisbatterijoutlet.eu\/?post_type=product&#038;p=28550"},"modified":"2025-03-08T07:37:17","modified_gmt":"2025-03-08T07:37:17","slug":"saj-h2-6k-t2-10kwh-all-in-one-solution","status":"publish","type":"product","link":"https:\/\/thuisbatterijoutlet.eu\/it\/prodotto\/saj-h2-6k-t2-10kwh-soluzione-all-in-one\/","title":{"rendered":"SAJ - H2-6K-T2 -10kWh Soluzione Tutto in Uno"},"content":{"rendered":"<p>SAJ - H2-6K-T2 - Soluzione All-In-One da 10kWhQuesta versione del sistema All-In-One ha 6kW di potenza e 10kWh di capacit\u00e0 della batteria.SAJ - H2-6K-T2 - Soluzione All-In-One da 10kWhQuesta versione del sistema All-In-One ha 6kW di potenza e 10kWh di capacit\u00e0 della batteria.SAJ Electric Soluzione All-In-One HS2-5K-10K-T2La serie HS2 trifase \u00e8 una combinazione di inverter ibrido modulare e batteria. L'HS2 \u00e8 facile da installare.<br \/>     I vantaggi della soluzione HS2 all-in-one trifase sono:Tutti i componenti sono riuniti in un'unica unit\u00e0 per ridurre il cablaggio Design impermeabile IP65, anche per esterni Funzionalit\u00e0 UPS per l'alimentazione di backup Disponibile in una gamma di potenza da 5kW a 10kW Corrente d'ingresso massima di 16A per una migliore connessione al pannello ad alta potenza Funzionalit\u00e0 AFCI (Arc-Fault-Circuit-Intertuper) incorporata Design modulare scalabile della batteria da 5kWh a 25kWh 100% sbilanciamento di tensione trifase SAJ ElectricSAJ \u00e8 un attore globale nel mercato degli inverter che si concentra sulle soluzioni per la conversione, la trasmissione e l'accumulo di energia rinnovabile. L'azienda offre inverter solari distribuiti professionali, inverter ibridi con batteria di accumulo e un sistema di monitoraggio.<\/p>","protected":false},"excerpt":{"rendered":"<p>Trifase | 6kW di potenza | 10kWh di capacit\u00e0 della batteria | contatore di energia incluso<\/p>","protected":false},"featured_media":28642,"comment_status":"open","ping_status":"closed","template":"","meta":[],"pwb-brand":[390],"product_brand":[],"product_cat":[77],"product_tag":[],"class_list":{"0":"post-28550","1":"product","2":"type-product","3":"status-publish","4":"has-post-thumbnail","6":"pwb-brand-saj","7":"product_cat-thuisbatterijen","9":"first","10":"instock","11":"shipping-taxable","12":"purchasable","13":"product-type-simple"},"brands":[{"id":390,"name":"SAJ","slug":"saj"}],"_links":{"self":[{"href":"https:\/\/thuisbatterijoutlet.eu\/it\/wp-json\/wp\/v2\/product\/28550","targetHints":{"allow":["GET"]}}],"collection":[{"href":"https:\/\/thuisbatterijoutlet.eu\/it\/wp-json\/wp\/v2\/product"}],"about":[{"href":"https:\/\/thuisbatterijoutlet.eu\/it\/wp-json\/wp\/v2\/types\/product"}],"replies":[{"embeddable":true,"href":"https:\/\/thuisbatterijoutlet.eu\/it\/wp-json\/wp\/v2\/comments?post=28550"}],"version-history":[{"count":1,"href":"https:\/\/thuisbatterijoutlet.eu\/it\/wp-json\/wp\/v2\/product\/28550\/revisions"}],"predecessor-version":[{"id":28643,"href":"https:\/\/thuisbatterijoutlet.eu\/it\/wp-json\/wp\/v2\/product\/28550\/revisions\/28643"}],"wp:featuredmedia":[{"embeddable":true,"href":"https:\/\/thuisbatterijoutlet.eu\/it\/wp-json\/wp\/v2\/media\/28642"}],"wp:attachment":[{"href":"https:\/\/thuisbatterijoutlet.eu\/it\/wp-json\/wp\/v2\/media?parent=28550"}],"wp:term":[{"taxonomy":"pwb-brand","embeddable":true,"href":"https:\/\/thuisbatterijoutlet.eu\/it\/wp-json\/wp\/v2\/pwb-brand?post=28550"},{"taxonomy":"product_brand","embeddable":true,"href":"https:\/\/thuisbatterijoutlet.eu\/it\/wp-json\/wp\/v2\/product_brand?post=28550"},{"taxonomy":"product_cat","embeddable":true,"href":"https:\/\/thuisbatterijoutlet.eu\/it\/wp-json\/wp\/v2\/product_cat?post=28550"},{"taxonomy":"product_tag","embeddable":true,"href":"https:\/\/thuisbatterijoutlet.eu\/it\/wp-json\/wp\/v2\/product_tag?post=28550"}],"curies":[{"name":"wp","href":"https:\/\/api.w.org\/{rel}","templated":true}]}}