{"id":28582,"date":"2024-12-20T18:40:37","date_gmt":"2024-12-20T18:40:37","guid":{"rendered":"https:\/\/thuisbatterijoutlet.eu\/?post_type=product&#038;p=28582"},"modified":"2025-03-08T07:37:07","modified_gmt":"2025-03-08T07:37:07","slug":"saj-h2-4k-s2-10kwh-all-in-one-solution","status":"publish","type":"product","link":"https:\/\/thuisbatterijoutlet.eu\/it\/prodotto\/saj-h2-4k-10kwh-soluzione-all-in-one\/","title":{"rendered":"SAJ - H2-4K-S2 -10kWh Soluzione Tutto in Uno"},"content":{"rendered":"<p>SAJ - H2-4K-S2 - Soluzione All-In-One da 10kWhQuesta versione del sistema All-In-One ha una potenza di 4kW e una capacit\u00e0 della batteria di 10kWh.SAJ - H2-4K-S2 - Soluzione All-In-One da 10kWhQuesta versione del sistema All-In-One ha una potenza di 4kW e una capacit\u00e0 della batteria di 10kWh.SAJ Electric Soluzione All-In-One HS2-3K-6K-S2La serie HS2 monofase \u00e8 una combinazione di inverter ibrido modulare e batteria. L'HS2 \u00e8 facile da installare.<br \/>     I vantaggi della soluzione HS2 all-in-one monofase sono:<br \/>     Tutti i componenti sono riuniti in un'unica unit\u00e0 per ridurre il cablaggio Design impermeabile IP65, anche per esterni Funzionalit\u00e0 UPS per l'alimentazione di backup Disponibile in una gamma di potenza da 3kW a 6kW Corrente d'ingresso massima di 16A per una migliore connessione al pannello ad alta potenza Funzionalit\u00e0 AFCI (Arc-Fault-Circuit-Intertuper) integrata Design modulare scalabile della batteria da 5kWh a 20kWh SAJ ElectricSAJ \u00e8 un'azienda globale nel mercato degli inverter, che si concentra su soluzioni per la conversione, la trasmissione e l'accumulo di energia rinnovabile. L'azienda offre inverter solari distribuiti professionali, inverter ibridi con batterie di accumulo e un sistema di monitoraggio.<\/p>","protected":false},"excerpt":{"rendered":"<p>Monofase | 4kW di potenza | 10kWh di capacit\u00e0 della batteria | contatore di energia incluso<\/p>","protected":false},"featured_media":28660,"comment_status":"open","ping_status":"closed","template":"","meta":[],"pwb-brand":[390],"product_brand":[],"product_cat":[77],"product_tag":[],"class_list":{"0":"post-28582","1":"product","2":"type-product","3":"status-publish","4":"has-post-thumbnail","6":"pwb-brand-saj","7":"product_cat-thuisbatterijen","9":"first","10":"instock","11":"shipping-taxable","12":"purchasable","13":"product-type-simple"},"brands":[{"id":390,"name":"SAJ","slug":"saj"}],"_links":{"self":[{"href":"https:\/\/thuisbatterijoutlet.eu\/it\/wp-json\/wp\/v2\/product\/28582","targetHints":{"allow":["GET"]}}],"collection":[{"href":"https:\/\/thuisbatterijoutlet.eu\/it\/wp-json\/wp\/v2\/product"}],"about":[{"href":"https:\/\/thuisbatterijoutlet.eu\/it\/wp-json\/wp\/v2\/types\/product"}],"replies":[{"embeddable":true,"href":"https:\/\/thuisbatterijoutlet.eu\/it\/wp-json\/wp\/v2\/comments?post=28582"}],"version-history":[{"count":1,"href":"https:\/\/thuisbatterijoutlet.eu\/it\/wp-json\/wp\/v2\/product\/28582\/revisions"}],"predecessor-version":[{"id":28661,"href":"https:\/\/thuisbatterijoutlet.eu\/it\/wp-json\/wp\/v2\/product\/28582\/revisions\/28661"}],"wp:featuredmedia":[{"embeddable":true,"href":"https:\/\/thuisbatterijoutlet.eu\/it\/wp-json\/wp\/v2\/media\/28660"}],"wp:attachment":[{"href":"https:\/\/thuisbatterijoutlet.eu\/it\/wp-json\/wp\/v2\/media?parent=28582"}],"wp:term":[{"taxonomy":"pwb-brand","embeddable":true,"href":"https:\/\/thuisbatterijoutlet.eu\/it\/wp-json\/wp\/v2\/pwb-brand?post=28582"},{"taxonomy":"product_brand","embeddable":true,"href":"https:\/\/thuisbatterijoutlet.eu\/it\/wp-json\/wp\/v2\/product_brand?post=28582"},{"taxonomy":"product_cat","embeddable":true,"href":"https:\/\/thuisbatterijoutlet.eu\/it\/wp-json\/wp\/v2\/product_cat?post=28582"},{"taxonomy":"product_tag","embeddable":true,"href":"https:\/\/thuisbatterijoutlet.eu\/it\/wp-json\/wp\/v2\/product_tag?post=28582"}],"curies":[{"name":"wp","href":"https:\/\/api.w.org\/{rel}","templated":true}]}}