{"id":28633,"date":"2024-12-20T18:41:03","date_gmt":"2024-12-20T18:41:03","guid":{"rendered":"https:\/\/thuisbatterijoutlet.eu\/?post_type=product&#038;p=28633"},"modified":"2025-03-08T07:37:02","modified_gmt":"2025-03-08T07:37:02","slug":"byd-b-box-premium-hvm-2-76-kwh-2","status":"publish","type":"product","link":"https:\/\/thuisbatterijoutlet.eu\/it\/prodotto\/byd-b-box-premium-hvm-2-76-kwh-2\/","title":{"rendered":"BYD B-BOX Premium HVM (2,76 KWH)"},"content":{"rendered":"<p>BATTERY-BOX PREMIUM HVS \/ HVMSAdatta per backup di emergenza ad alta potenza con funzionalit\u00e0 off-gridMassima efficienza grazie alla connessione in serie ad alta tensioneIl design modulare brevettato non richiede cablaggi interni e garantisce la massima flessibilit\u00e0 e facilit\u00e0 d'usoBatteria al litio ferro fosfato (LFP) senza cobalto: Massima sicurezza, longevit\u00e0 e potenzaCompatibile con i principali inverter a batteria ad alta tensione monofase e trifaseDue moduli diversi per una gamma completa di dimensioni dell'impiantoStandard di sicurezza pi\u00f9 elevati, come VDE 2510-50BATTERY-BOX PREMIUM HVMEe Battery-Box Premium HVM \u00e8 composto da 3-8 moduli batteria HVM collegati in serie per ottenere una capacit\u00e0 utile da 8,3 a 22,1 kWh. Inoltre, il collegamento diretto in parallelo di un massimo di 3 Battery-Box Premium HVM identici consente di raggiungere una capacit\u00e0 massima di 66,2 kWh. Possibilit\u00e0 di scalare aggiungendo moduli HVM o stack HVM in parallelo in un secondo momento.<br \/> Mostra tutti<\/p>","protected":false},"excerpt":{"rendered":"<p>Modulo di accumulo per batterie agli ioni di litio ad alta tensione<\/p>","protected":false},"featured_media":28739,"comment_status":"open","ping_status":"closed","template":"","meta":[],"pwb-brand":[150],"product_brand":[],"product_cat":[77],"product_tag":[],"class_list":{"0":"post-28633","1":"product","2":"type-product","3":"status-publish","4":"has-post-thumbnail","6":"pwb-brand-byd","7":"product_cat-thuisbatterijen","9":"first","10":"instock","11":"shipping-taxable","12":"purchasable","13":"product-type-simple"},"brands":[{"id":150,"name":"BYD","slug":"byd"}],"_links":{"self":[{"href":"https:\/\/thuisbatterijoutlet.eu\/it\/wp-json\/wp\/v2\/product\/28633","targetHints":{"allow":["GET"]}}],"collection":[{"href":"https:\/\/thuisbatterijoutlet.eu\/it\/wp-json\/wp\/v2\/product"}],"about":[{"href":"https:\/\/thuisbatterijoutlet.eu\/it\/wp-json\/wp\/v2\/types\/product"}],"replies":[{"embeddable":true,"href":"https:\/\/thuisbatterijoutlet.eu\/it\/wp-json\/wp\/v2\/comments?post=28633"}],"version-history":[{"count":1,"href":"https:\/\/thuisbatterijoutlet.eu\/it\/wp-json\/wp\/v2\/product\/28633\/revisions"}],"predecessor-version":[{"id":28740,"href":"https:\/\/thuisbatterijoutlet.eu\/it\/wp-json\/wp\/v2\/product\/28633\/revisions\/28740"}],"wp:featuredmedia":[{"embeddable":true,"href":"https:\/\/thuisbatterijoutlet.eu\/it\/wp-json\/wp\/v2\/media\/28739"}],"wp:attachment":[{"href":"https:\/\/thuisbatterijoutlet.eu\/it\/wp-json\/wp\/v2\/media?parent=28633"}],"wp:term":[{"taxonomy":"pwb-brand","embeddable":true,"href":"https:\/\/thuisbatterijoutlet.eu\/it\/wp-json\/wp\/v2\/pwb-brand?post=28633"},{"taxonomy":"product_brand","embeddable":true,"href":"https:\/\/thuisbatterijoutlet.eu\/it\/wp-json\/wp\/v2\/product_brand?post=28633"},{"taxonomy":"product_cat","embeddable":true,"href":"https:\/\/thuisbatterijoutlet.eu\/it\/wp-json\/wp\/v2\/product_cat?post=28633"},{"taxonomy":"product_tag","embeddable":true,"href":"https:\/\/thuisbatterijoutlet.eu\/it\/wp-json\/wp\/v2\/product_tag?post=28633"}],"curies":[{"name":"wp","href":"https:\/\/api.w.org\/{rel}","templated":true}]}}