{"id":28705,"date":"2024-12-20T18:42:25","date_gmt":"2024-12-20T18:42:25","guid":{"rendered":"https:\/\/thuisbatterijoutlet.eu\/?post_type=product&#038;p=28705"},"modified":"2025-03-08T07:36:50","modified_gmt":"2025-03-08T07:36:50","slug":"foxess-energy-cube-cs2900-v2-0","status":"publish","type":"product","link":"https:\/\/thuisbatterijoutlet.eu\/it\/prodotto\/foxess-energy-cube-cs2900-v2-0\/","title":{"rendered":"FoxESS Energy Cube CS2900 V2.0"},"content":{"rendered":"<p>Modulo batteria con capacit\u00e0 di 2,88kwh. Funziona solo in combinazione con FoxESS Energy Cube CM2900! Energy Cube \u00e8 un sistema di accumulo a batteria scalabile e ad alte prestazioni. Il design modulare consente la massima flessibilit\u00e0, rendendolo adatto a un'ampia gamma di applicazioni di accumulo. \u00c8 possibile installare batterie aggiuntive in serie, per una capacit\u00e0 di accumulo massima di 20,16 kWh. L'installazione \u00e8 semplice, con una soluzione plug-and-play che consente agli installatori di risparmiare tempo prezioso.<\/p>\n<p>Capacit\u00e0 di 2,88 kWh<br \/> Scalabile fino a 20,16 kWh<br \/> 90% Profondit\u00e0 di scarico<br \/> Ampia tolleranza di temperatura<br \/> Installazione semplice<br \/> Comunicazione CAN\/RS485<br \/> Alta tensione<\/p>","protected":false},"excerpt":{"rendered":"<p>Alta tensione, 2,88 kwh, 90% DoD<\/p>","protected":false},"featured_media":28849,"comment_status":"open","ping_status":"closed","template":"","meta":[],"pwb-brand":[158],"product_brand":[],"product_cat":[77],"product_tag":[],"class_list":{"0":"post-28705","1":"product","2":"type-product","3":"status-publish","4":"has-post-thumbnail","6":"pwb-brand-foxess","7":"product_cat-thuisbatterijen","9":"first","10":"instock","11":"shipping-taxable","12":"purchasable","13":"product-type-simple"},"brands":[{"id":158,"name":"VolpeESS","slug":"foxess"}],"_links":{"self":[{"href":"https:\/\/thuisbatterijoutlet.eu\/it\/wp-json\/wp\/v2\/product\/28705","targetHints":{"allow":["GET"]}}],"collection":[{"href":"https:\/\/thuisbatterijoutlet.eu\/it\/wp-json\/wp\/v2\/product"}],"about":[{"href":"https:\/\/thuisbatterijoutlet.eu\/it\/wp-json\/wp\/v2\/types\/product"}],"replies":[{"embeddable":true,"href":"https:\/\/thuisbatterijoutlet.eu\/it\/wp-json\/wp\/v2\/comments?post=28705"}],"version-history":[{"count":1,"href":"https:\/\/thuisbatterijoutlet.eu\/it\/wp-json\/wp\/v2\/product\/28705\/revisions"}],"predecessor-version":[{"id":28850,"href":"https:\/\/thuisbatterijoutlet.eu\/it\/wp-json\/wp\/v2\/product\/28705\/revisions\/28850"}],"wp:featuredmedia":[{"embeddable":true,"href":"https:\/\/thuisbatterijoutlet.eu\/it\/wp-json\/wp\/v2\/media\/28849"}],"wp:attachment":[{"href":"https:\/\/thuisbatterijoutlet.eu\/it\/wp-json\/wp\/v2\/media?parent=28705"}],"wp:term":[{"taxonomy":"pwb-brand","embeddable":true,"href":"https:\/\/thuisbatterijoutlet.eu\/it\/wp-json\/wp\/v2\/pwb-brand?post=28705"},{"taxonomy":"product_brand","embeddable":true,"href":"https:\/\/thuisbatterijoutlet.eu\/it\/wp-json\/wp\/v2\/product_brand?post=28705"},{"taxonomy":"product_cat","embeddable":true,"href":"https:\/\/thuisbatterijoutlet.eu\/it\/wp-json\/wp\/v2\/product_cat?post=28705"},{"taxonomy":"product_tag","embeddable":true,"href":"https:\/\/thuisbatterijoutlet.eu\/it\/wp-json\/wp\/v2\/product_tag?post=28705"}],"curies":[{"name":"wp","href":"https:\/\/api.w.org\/{rel}","templated":true}]}}