{"id":28729,"date":"2024-12-20T18:42:50","date_gmt":"2024-12-20T18:42:50","guid":{"rendered":"https:\/\/thuisbatterijoutlet.eu\/?post_type=product&#038;p=28729"},"modified":"2025-03-08T07:36:47","modified_gmt":"2025-03-08T07:36:47","slug":"byd-b-box-premium-hv-battery-control-unit-base","status":"publish","type":"product","link":"https:\/\/thuisbatterijoutlet.eu\/it\/prodotto\/byd-b-box-premium-hv-unita-di-controllo-batteria-base\/","title":{"rendered":"BYD B-Box Premium HV Unit\u00e0 di controllo della batteria + Base"},"content":{"rendered":"<p>BATTERY-BOX PREMIUM HVS \/ HVMSAdatta per backup di emergenza ad alta potenza con funzionalit\u00e0 off-gridMassima efficienza grazie a un vero collegamento in serie ad alta tensioneIl design modulare brevettato non richiede cablaggi interni e garantisce la massima flessibilit\u00e0 e facilit\u00e0 d'usoBatteria al litio ferro fosfato (LFP) priva di cobalto: massima sicurezza, longevit\u00e0 e potenzaCompatibile con i principali inverter a batteria ad alta tensione mono e trifase.<\/p>\n<p>Due moduli diversi per una gamma completa di dimensioni del sistemaStandard di sicurezza elevatissimi come VDE 2510-50BATTERY-BOX PREMIUM HVSEA Battery-Box Premium HVS \u00e8 composto da 2 a 5 moduli di batterie HVS collegati in serie per ottenere una capacit\u00e0 utile da 5,1 a 12,8 kWh. Inoltre, \u00e8 possibile collegare direttamente in parallelo fino a 3 moduli identici. Battery-Box Premium HVS consente una capacit\u00e0 massima di 38,4 kWh. BATTERY-BOX PREMIUM HVMEe Battery-Box Premium HVM \u00e8 composto da 3-8 moduli di batterie HVM collegati in serie per ottenere una capacit\u00e0 utile da 8,3 a 22,1 kWh. Inoltre, il collegamento diretto in parallelo di un massimo di 3 Battery-Box Premium HVM identici consente di raggiungere una capacit\u00e0 massima di 66,2 kWh. Possibilit\u00e0 di scalare aggiungendo moduli HVM o stack HVM in parallelo in un secondo momento.<\/p>","protected":false},"excerpt":{"rendered":"<p>Unit\u00e0 di controllo batteria HVS\/HVM + base<\/p>","protected":false},"featured_media":28867,"comment_status":"open","ping_status":"closed","template":"","meta":[],"pwb-brand":[150],"product_brand":[],"product_cat":[77],"product_tag":[],"class_list":{"0":"post-28729","1":"product","2":"type-product","3":"status-publish","4":"has-post-thumbnail","6":"pwb-brand-byd","7":"product_cat-thuisbatterijen","9":"first","10":"instock","11":"shipping-taxable","12":"purchasable","13":"product-type-simple"},"brands":[{"id":150,"name":"BYD","slug":"byd"}],"_links":{"self":[{"href":"https:\/\/thuisbatterijoutlet.eu\/it\/wp-json\/wp\/v2\/product\/28729","targetHints":{"allow":["GET"]}}],"collection":[{"href":"https:\/\/thuisbatterijoutlet.eu\/it\/wp-json\/wp\/v2\/product"}],"about":[{"href":"https:\/\/thuisbatterijoutlet.eu\/it\/wp-json\/wp\/v2\/types\/product"}],"replies":[{"embeddable":true,"href":"https:\/\/thuisbatterijoutlet.eu\/it\/wp-json\/wp\/v2\/comments?post=28729"}],"version-history":[{"count":1,"href":"https:\/\/thuisbatterijoutlet.eu\/it\/wp-json\/wp\/v2\/product\/28729\/revisions"}],"predecessor-version":[{"id":28868,"href":"https:\/\/thuisbatterijoutlet.eu\/it\/wp-json\/wp\/v2\/product\/28729\/revisions\/28868"}],"wp:featuredmedia":[{"embeddable":true,"href":"https:\/\/thuisbatterijoutlet.eu\/it\/wp-json\/wp\/v2\/media\/28867"}],"wp:attachment":[{"href":"https:\/\/thuisbatterijoutlet.eu\/it\/wp-json\/wp\/v2\/media?parent=28729"}],"wp:term":[{"taxonomy":"pwb-brand","embeddable":true,"href":"https:\/\/thuisbatterijoutlet.eu\/it\/wp-json\/wp\/v2\/pwb-brand?post=28729"},{"taxonomy":"product_brand","embeddable":true,"href":"https:\/\/thuisbatterijoutlet.eu\/it\/wp-json\/wp\/v2\/product_brand?post=28729"},{"taxonomy":"product_cat","embeddable":true,"href":"https:\/\/thuisbatterijoutlet.eu\/it\/wp-json\/wp\/v2\/product_cat?post=28729"},{"taxonomy":"product_tag","embeddable":true,"href":"https:\/\/thuisbatterijoutlet.eu\/it\/wp-json\/wp\/v2\/product_tag?post=28729"}],"curies":[{"name":"wp","href":"https:\/\/api.w.org\/{rel}","templated":true}]}}