{"id":28744,"date":"2024-12-20T18:43:19","date_gmt":"2024-12-20T18:43:19","guid":{"rendered":"https:\/\/thuisbatterijoutlet.eu\/?post_type=product&#038;p=28744"},"modified":"2025-03-08T07:36:46","modified_gmt":"2025-03-08T07:36:46","slug":"huawei-luna2000-5-e0-battery-module","status":"publish","type":"product","link":"https:\/\/thuisbatterijoutlet.eu\/it\/prodotto\/modulo-batteria-huawei-luna2000-5-e0\/","title":{"rendered":"Huawei LUNA2000-5-E0"},"content":{"rendered":"<p>Huawei presenta il proprio sistema di accumulo di batterie fotovoltaiche: LUNA2000. Il sistema di accumulo Huawei LUNA2000 ha un design modulare e scalabile. Un sistema \u00e8 composto da un modulo di potenza e da uno o pi\u00f9 moduli batteria. Un modulo batteria ha una capacit\u00e0 di 5kWh e una capacit\u00e0 di scarica di 2,5kWh. I sistemi con capacit\u00e0 di 10kWh e 15kWh hanno ciascuno una capacit\u00e0 di scarica di 5kWh.<\/p>\n<p>Il modulo batteria LUNA2000 \u00e8 compatibile con gli inverter Huawei monofase e trifase. In un'installazione di pannelli solari \u00e8 possibile integrare due batterie in parallelo. Ci\u00f2 consente una capacit\u00e0 di accumulo massima di 30kWh per inverter. Le batterie LUNA2000 sono sicure e affidabili grazie alle celle al litio ferro fosfato (LFP). I moduli batteria difettosi vengono isolati automaticamente per consentire il funzionamento del sistema.<\/p>","protected":false},"excerpt":{"rendered":"<p>Sistema di accumulo di energia a stringa intelligente<\/p>","protected":false},"featured_media":28874,"comment_status":"open","ping_status":"closed","template":"","meta":[],"pwb-brand":[153],"product_brand":[],"product_cat":[77],"product_tag":[],"class_list":{"0":"post-28744","1":"product","2":"type-product","3":"status-publish","4":"has-post-thumbnail","6":"pwb-brand-huawei","7":"product_cat-thuisbatterijen","9":"first","10":"instock","11":"shipping-taxable","12":"purchasable","13":"product-type-simple"},"brands":[{"id":153,"name":"Huawei","slug":"huawei"}],"_links":{"self":[{"href":"https:\/\/thuisbatterijoutlet.eu\/it\/wp-json\/wp\/v2\/product\/28744","targetHints":{"allow":["GET"]}}],"collection":[{"href":"https:\/\/thuisbatterijoutlet.eu\/it\/wp-json\/wp\/v2\/product"}],"about":[{"href":"https:\/\/thuisbatterijoutlet.eu\/it\/wp-json\/wp\/v2\/types\/product"}],"replies":[{"embeddable":true,"href":"https:\/\/thuisbatterijoutlet.eu\/it\/wp-json\/wp\/v2\/comments?post=28744"}],"version-history":[{"count":2,"href":"https:\/\/thuisbatterijoutlet.eu\/it\/wp-json\/wp\/v2\/product\/28744\/revisions"}],"predecessor-version":[{"id":29030,"href":"https:\/\/thuisbatterijoutlet.eu\/it\/wp-json\/wp\/v2\/product\/28744\/revisions\/29030"}],"wp:featuredmedia":[{"embeddable":true,"href":"https:\/\/thuisbatterijoutlet.eu\/it\/wp-json\/wp\/v2\/media\/28874"}],"wp:attachment":[{"href":"https:\/\/thuisbatterijoutlet.eu\/it\/wp-json\/wp\/v2\/media?parent=28744"}],"wp:term":[{"taxonomy":"pwb-brand","embeddable":true,"href":"https:\/\/thuisbatterijoutlet.eu\/it\/wp-json\/wp\/v2\/pwb-brand?post=28744"},{"taxonomy":"product_brand","embeddable":true,"href":"https:\/\/thuisbatterijoutlet.eu\/it\/wp-json\/wp\/v2\/product_brand?post=28744"},{"taxonomy":"product_cat","embeddable":true,"href":"https:\/\/thuisbatterijoutlet.eu\/it\/wp-json\/wp\/v2\/product_cat?post=28744"},{"taxonomy":"product_tag","embeddable":true,"href":"https:\/\/thuisbatterijoutlet.eu\/it\/wp-json\/wp\/v2\/product_tag?post=28744"}],"curies":[{"name":"wp","href":"https:\/\/api.w.org\/{rel}","templated":true}]}}